{"id":7469,"date":"2025-10-03T14:23:26","date_gmt":"2025-10-03T17:23:26","guid":{"rendered":"https:\/\/www.tarbut.edu.ar\/cms\/?page_id=7469"},"modified":"2025-10-03T14:26:02","modified_gmt":"2025-10-03T17:26:02","slug":"herencia-que-inspira-futuro","status":"publish","type":"page","link":"https:\/\/www.tarbut.edu.ar\/cms\/herencia-que-inspira-futuro\/","title":{"rendered":"HERENCIA QUE INSPIRA FUTURO"},"content":{"rendered":"\t\t<div data-elementor-type=\"wp-page\" data-elementor-id=\"7469\" class=\"elementor elementor-7469\" data-elementor-post-type=\"page\">\n\t\t\t\t\t\t<section class=\"elementor-section elementor-top-section elementor-element elementor-element-3f4bcd16 elementor-section-full_width elementor-section-height-default elementor-section-height-default\" data-id=\"3f4bcd16\" data-element_type=\"section\" data-e-type=\"section\" data-settings=\"{&quot;background_background&quot;:&quot;classic&quot;}\">\n\t\t\t\t\t\t<div class=\"elementor-container elementor-column-gap-default\">\n\t\t\t\t\t<div class=\"elementor-column elementor-col-100 elementor-top-column elementor-element elementor-element-1729744d\" data-id=\"1729744d\" data-element_type=\"column\" data-e-type=\"column\" data-settings=\"{&quot;background_background&quot;:&quot;classic&quot;}\">\n\t\t\t<div class=\"elementor-widget-wrap elementor-element-populated\">\n\t\t\t\t\t\t<div class=\"elementor-element elementor-element-7ac27053 elementor--h-position-center elementor--v-position-middle elementor-widget elementor-widget-slides\" data-id=\"7ac27053\" data-element_type=\"widget\" data-e-type=\"widget\" data-settings=\"{&quot;navigation&quot;:&quot;none&quot;,&quot;autoplay&quot;:&quot;yes&quot;,&quot;pause_on_hover&quot;:&quot;yes&quot;,&quot;pause_on_interaction&quot;:&quot;yes&quot;,&quot;autoplay_speed&quot;:5000,&quot;infinite&quot;:&quot;yes&quot;,&quot;transition&quot;:&quot;slide&quot;,&quot;transition_speed&quot;:500}\" data-widget_type=\"slides.default\">\n\t\t\t\t<div class=\"elementor-widget-container\">\n\t\t\t\t\t\t\t\t\t<div class=\"elementor-swiper\">\n\t\t\t\t\t<div class=\"elementor-slides-wrapper elementor-main-swiper swiper\" role=\"region\" aria-roledescription=\"carousel\" aria-label=\"Diapositivas\" dir=\"ltr\" data-animation=\"fadeInUp\">\n\t\t\t\t<div class=\"swiper-wrapper elementor-slides\">\n\t\t\t\t\t\t\t\t\t\t<div class=\"elementor-repeater-item-fbb3afd swiper-slide\" role=\"group\" aria-roledescription=\"slide\"><div class=\"swiper-slide-bg\"><\/div><div class=\"swiper-slide-inner\" ><div class=\"swiper-slide-contents\"><div class=\"elementor-slide-heading\">Herencia que inspira futuro<\/div><\/div><\/div><\/div>\t\t\t\t<\/div>\n\t\t\t\t\t\t\t<\/div>\n\t\t\t\t<\/div>\n\t\t\t\t\t\t\t\t<\/div>\n\t\t\t\t<\/div>\n\t\t\t\t\t<\/div>\n\t\t<\/div>\n\t\t\t\t\t<\/div>\n\t\t<\/section>\n\t\t\t\t<section class=\"elementor-section elementor-top-section elementor-element elementor-element-68a9436 elementor-section-boxed elementor-section-height-default elementor-section-height-default\" data-id=\"68a9436\" data-element_type=\"section\" data-e-type=\"section\">\n\t\t\t\t\t\t<div class=\"elementor-container elementor-column-gap-default\">\n\t\t\t\t\t<div class=\"elementor-column elementor-col-100 elementor-top-column elementor-element elementor-element-9a251d8\" data-id=\"9a251d8\" data-element_type=\"column\" data-e-type=\"column\">\n\t\t\t<div class=\"elementor-widget-wrap elementor-element-populated\">\n\t\t\t\t\t\t<div class=\"elementor-element elementor-element-c43a1a6 elementor-widget elementor-widget-spacer\" data-id=\"c43a1a6\" data-element_type=\"widget\" data-e-type=\"widget\" data-widget_type=\"spacer.default\">\n\t\t\t\t<div class=\"elementor-widget-container\">\n\t\t\t\t\t\t\t<div class=\"elementor-spacer\">\n\t\t\t<div class=\"elementor-spacer-inner\"><\/div>\n\t\t<\/div>\n\t\t\t\t\t\t<\/div>\n\t\t\t\t<\/div>\n\t\t\t\t\t<\/div>\n\t\t<\/div>\n\t\t\t\t\t<\/div>\n\t\t<\/section>\n\t\t\t\t<section class=\"elementor-section elementor-top-section elementor-element elementor-element-e53f2a2 elementor-section-boxed elementor-section-height-default elementor-section-height-default\" data-id=\"e53f2a2\" data-element_type=\"section\" data-e-type=\"section\">\n\t\t\t\t\t\t<div class=\"elementor-container elementor-column-gap-default\">\n\t\t\t\t\t<div class=\"elementor-column elementor-col-100 elementor-top-column elementor-element elementor-element-759d6ea\" data-id=\"759d6ea\" data-element_type=\"column\" data-e-type=\"column\">\n\t\t\t<div class=\"elementor-widget-wrap elementor-element-populated\">\n\t\t\t\t\t\t<div class=\"elementor-element elementor-element-dd5ffa2 elementor-widget elementor-widget-text-editor\" data-id=\"dd5ffa2\" data-element_type=\"widget\" data-e-type=\"widget\" data-widget_type=\"text-editor.default\">\n\t\t\t\t<div class=\"elementor-widget-container\">\n\t\t\t\t\t\t\t\t\t<p>Somos parte de una historia.<\/p><p>Una historia escrita con visi\u00f3n, con valores y pasi\u00f3n, que hoy siguen vivos.<\/p><p>Una herencia cargada de identidad, de juda\u00edsmo, de educaci\u00f3n, de excelencia y de comunidad.<\/p><p>Esa herencia vive en cada rinc\u00f3n de Tarbut.<\/p><p>En cada idioma que se ense\u00f1a, en cada acto que celebramos, en cada viaje que transforma. Pero no estamos ac\u00e1 solo para mirar hacia atr\u00e1s.<\/p><p>Estamos para tomar esa herencia y transformarla en impulso.<\/p><p>En innovaci\u00f3n, en educaci\u00f3n de vanguardia y en excelencia acad\u00e9mica.<\/p><p>En estudiantes que se convierten en protagonistas de un mundo en cambio.<\/p><p>Porque el futuro no se improvisa. Se construye con ra\u00edces.<\/p><p>Y las nuestras son profundas. Son firmes. Son vivas.<\/p><p>Herencia no es repetir. Es reinterpretar.<\/p><p>Es cuidar lo esencial y animarse a lo nuevo.<\/p><p>Es saber de d\u00f3nde venimos para saber qui\u00e9nes somos y qui\u00e9nes queremos ser.<\/p><p>En Tarbut, el legado no es pasado.<\/p><p><strong>ES HERENCIA QUE INSPIRA FUTURO.<\/strong><\/p>\t\t\t\t\t\t\t\t<\/div>\n\t\t\t\t<\/div>\n\t\t\t\t\t<\/div>\n\t\t<\/div>\n\t\t\t\t\t<\/div>\n\t\t<\/section>\n\t\t\t\t<section class=\"elementor-section elementor-top-section elementor-element elementor-element-2200650 elementor-section-boxed elementor-section-height-default elementor-section-height-default\" data-id=\"2200650\" data-element_type=\"section\" data-e-type=\"section\">\n\t\t\t\t\t\t<div class=\"elementor-container elementor-column-gap-default\">\n\t\t\t\t\t<div class=\"elementor-column elementor-col-100 elementor-top-column elementor-element elementor-element-80b371c\" data-id=\"80b371c\" data-element_type=\"column\" data-e-type=\"column\">\n\t\t\t<div class=\"elementor-widget-wrap elementor-element-populated\">\n\t\t\t\t\t\t<div class=\"elementor-element elementor-element-32cd91b elementor-widget elementor-widget-spacer\" data-id=\"32cd91b\" data-element_type=\"widget\" data-e-type=\"widget\" data-widget_type=\"spacer.default\">\n\t\t\t\t<div class=\"elementor-widget-container\">\n\t\t\t\t\t\t\t<div class=\"elementor-spacer\">\n\t\t\t<div class=\"elementor-spacer-inner\"><\/div>\n\t\t<\/div>\n\t\t\t\t\t\t<\/div>\n\t\t\t\t<\/div>\n\t\t\t\t\t<\/div>\n\t\t<\/div>\n\t\t\t\t\t<\/div>\n\t\t<\/section>\n\t\t\t\t<\/div>\n\t\t","protected":false},"excerpt":{"rendered":"<p>Herencia que inspira futuro Somos parte de una historia. Una historia escrita con visi\u00f3n, con valores y pasi\u00f3n, que hoy siguen vivos. Una herencia cargada de identidad, de juda\u00edsmo, de educaci\u00f3n, de excelencia y de comunidad. Esa herencia vive en cada rinc\u00f3n de Tarbut. En cada idioma que se ense\u00f1a, en cada acto que celebramos, [&hellip;]<\/p>\n","protected":false},"author":10,"featured_media":0,"parent":0,"menu_order":0,"comment_status":"closed","ping_status":"closed","template":"","meta":{"footnotes":""},"class_list":["post-7469","page","type-page","status-publish","hentry"],"_links":{"self":[{"href":"https:\/\/www.tarbut.edu.ar\/cms\/wp-json\/wp\/v2\/pages\/7469","targetHints":{"allow":["GET"]}}],"collection":[{"href":"https:\/\/www.tarbut.edu.ar\/cms\/wp-json\/wp\/v2\/pages"}],"about":[{"href":"https:\/\/www.tarbut.edu.ar\/cms\/wp-json\/wp\/v2\/types\/page"}],"author":[{"embeddable":true,"href":"https:\/\/www.tarbut.edu.ar\/cms\/wp-json\/wp\/v2\/users\/10"}],"replies":[{"embeddable":true,"href":"https:\/\/www.tarbut.edu.ar\/cms\/wp-json\/wp\/v2\/comments?post=7469"}],"version-history":[{"count":6,"href":"https:\/\/www.tarbut.edu.ar\/cms\/wp-json\/wp\/v2\/pages\/7469\/revisions"}],"predecessor-version":[{"id":7479,"href":"https:\/\/www.tarbut.edu.ar\/cms\/wp-json\/wp\/v2\/pages\/7469\/revisions\/7479"}],"wp:attachment":[{"href":"https:\/\/www.tarbut.edu.ar\/cms\/wp-json\/wp\/v2\/media?parent=7469"}],"curies":[{"name":"wp","href":"https:\/\/api.w.org\/{rel}","templated":true}]}}