{"id":7240,"date":"2025-02-18T10:07:23","date_gmt":"2025-02-18T13:07:23","guid":{"rendered":"https:\/\/www.tarbut.edu.ar\/cms\/?page_id=7240"},"modified":"2026-03-27T10:18:41","modified_gmt":"2026-03-27T13:18:41","slug":"elementor-7240","status":"publish","type":"page","link":"https:\/\/www.tarbut.edu.ar\/cms\/elementor-7240\/","title":{"rendered":"Mg. Florencia Perduca"},"content":{"rendered":"\t\t<div data-elementor-type=\"wp-page\" data-elementor-id=\"7240\" class=\"elementor elementor-7240\" data-elementor-post-type=\"page\">\n\t\t\t\t\t\t<section class=\"elementor-section elementor-top-section elementor-element elementor-element-626ff271 elementor-section-boxed elementor-section-height-default elementor-section-height-default\" data-id=\"626ff271\" data-element_type=\"section\" data-e-type=\"section\">\n\t\t\t\t\t\t<div class=\"elementor-container elementor-column-gap-default\">\n\t\t\t\t\t<div class=\"elementor-column elementor-col-100 elementor-top-column elementor-element elementor-element-171fe413\" data-id=\"171fe413\" data-element_type=\"column\" data-e-type=\"column\">\n\t\t\t<div class=\"elementor-widget-wrap elementor-element-populated\">\n\t\t\t\t\t\t\t<\/div>\n\t\t<\/div>\n\t\t\t\t\t<\/div>\n\t\t<\/section>\n\t\t\t\t<section class=\"elementor-section elementor-top-section elementor-element elementor-element-37fa04da elementor-section-boxed elementor-section-height-default elementor-section-height-default\" data-id=\"37fa04da\" data-element_type=\"section\" data-e-type=\"section\">\n\t\t\t\t\t\t<div class=\"elementor-container elementor-column-gap-default\">\n\t\t\t\t\t<div class=\"elementor-column elementor-col-50 elementor-top-column elementor-element elementor-element-1d051ce8\" data-id=\"1d051ce8\" data-element_type=\"column\" data-e-type=\"column\">\n\t\t\t<div class=\"elementor-widget-wrap elementor-element-populated\">\n\t\t\t\t\t\t<div class=\"elementor-element elementor-element-d24cb96 elementor-widget elementor-widget-image\" data-id=\"d24cb96\" data-element_type=\"widget\" data-e-type=\"widget\" data-widget_type=\"image.default\">\n\t\t\t\t<div class=\"elementor-widget-container\">\n\t\t\t\t\t\t\t\t\t\t\t\t\t\t\t<img fetchpriority=\"high\" decoding=\"async\" width=\"358\" height=\"361\" src=\"https:\/\/www.tarbut.edu.ar\/cms\/wp-content\/uploads\/2025\/02\/Staff-web_Florencia.png\" class=\"attachment-large size-large wp-image-7242\" alt=\"\" srcset=\"https:\/\/www.tarbut.edu.ar\/cms\/wp-content\/uploads\/2025\/02\/Staff-web_Florencia.png 358w, https:\/\/www.tarbut.edu.ar\/cms\/wp-content\/uploads\/2025\/02\/Staff-web_Florencia-298x300.png 298w, https:\/\/www.tarbut.edu.ar\/cms\/wp-content\/uploads\/2025\/02\/Staff-web_Florencia-150x150.png 150w\" sizes=\"(max-width: 358px) 100vw, 358px\" \/>\t\t\t\t\t\t\t\t\t\t\t\t\t\t\t<\/div>\n\t\t\t\t<\/div>\n\t\t\t\t\t<\/div>\n\t\t<\/div>\n\t\t\t\t<div class=\"elementor-column elementor-col-50 elementor-top-column elementor-element elementor-element-42769465\" data-id=\"42769465\" data-element_type=\"column\" data-e-type=\"column\">\n\t\t\t<div class=\"elementor-widget-wrap elementor-element-populated\">\n\t\t\t\t\t\t<div class=\"elementor-element elementor-element-12331075 elementor-widget elementor-widget-spacer\" data-id=\"12331075\" data-element_type=\"widget\" data-e-type=\"widget\" data-widget_type=\"spacer.default\">\n\t\t\t\t<div class=\"elementor-widget-container\">\n\t\t\t\t\t\t\t<div class=\"elementor-spacer\">\n\t\t\t<div class=\"elementor-spacer-inner\"><\/div>\n\t\t<\/div>\n\t\t\t\t\t\t<\/div>\n\t\t\t\t<\/div>\n\t\t\t\t<div class=\"elementor-element elementor-element-501793b2 elementor-widget elementor-widget-heading\" data-id=\"501793b2\" data-element_type=\"widget\" data-e-type=\"widget\" data-widget_type=\"heading.default\">\n\t\t\t\t<div class=\"elementor-widget-container\">\n\t\t\t\t\t<h2 class=\"elementor-heading-title elementor-size-default\">Mg. Florencia Perduca<\/h2>\t\t\t\t<\/div>\n\t\t\t\t<\/div>\n\t\t\t\t<div class=\"elementor-element elementor-element-27d0f313 elementor-widget elementor-widget-heading\" data-id=\"27d0f313\" data-element_type=\"widget\" data-e-type=\"widget\" data-widget_type=\"heading.default\">\n\t\t\t\t<div class=\"elementor-widget-container\">\n\t\t\t\t\t<h5 class=\"elementor-heading-title elementor-size-default\">Directora - Depto. Ingl\u00e9s <\/h5>\t\t\t\t<\/div>\n\t\t\t\t<\/div>\n\t\t\t\t<div class=\"elementor-element elementor-element-31ff4a68 elementor-widget elementor-widget-text-editor\" data-id=\"31ff4a68\" data-element_type=\"widget\" data-e-type=\"widget\" data-widget_type=\"text-editor.default\">\n\t\t\t\t<div class=\"elementor-widget-container\">\n\t\t\t\t\t\t\t\t\t<p>Florencia es profesora en ingl\u00e9s y traductora t\u00e9cnico-cient\u00edfica y literaria graduada del IES en Lenguas Vivas \u201cJuan Ram\u00f3n Fern\u00e1ndez\u201d. Cuenta con un Master of Arts in Literary Linguistics por la Nottingham University y es Mag\u00edster en Administraci\u00f3n Educativa por la Universidad Di Tella.<\/p><p>Florencia se desempe\u00f1\u00f3 como Rectora del St. Catherine&#8217;s School, donde tambi\u00e9n ocup\u00f3 los cargos de Coordinadora Acad\u00e9mica y Profesora de los Programas IB e IGCSE. Es profesora titular de literatura y cultura inglesa en niveles terciario y universitario, en instituciones como Universidad Nacional del Litoral y ESSARP. Dirige grupos de investigaci\u00f3n, es coordinadora de cursos de capacitaci\u00f3n docente y editora de revistas acad\u00e9micas.<\/p>\t\t\t\t\t\t\t\t<\/div>\n\t\t\t\t<\/div>\n\t\t\t\t\t<\/div>\n\t\t<\/div>\n\t\t\t\t\t<\/div>\n\t\t<\/section>\n\t\t\t\t<section class=\"elementor-section elementor-top-section elementor-element elementor-element-5ce2b385 elementor-section-boxed elementor-section-height-default elementor-section-height-default\" data-id=\"5ce2b385\" data-element_type=\"section\" data-e-type=\"section\">\n\t\t\t\t\t\t<div class=\"elementor-container elementor-column-gap-default\">\n\t\t\t\t\t<div class=\"elementor-column elementor-col-100 elementor-top-column elementor-element elementor-element-5a8300dd\" data-id=\"5a8300dd\" data-element_type=\"column\" data-e-type=\"column\">\n\t\t\t<div class=\"elementor-widget-wrap elementor-element-populated\">\n\t\t\t\t\t\t<div class=\"elementor-element elementor-element-6c8c4d7f elementor-widget elementor-widget-spacer\" data-id=\"6c8c4d7f\" data-element_type=\"widget\" data-e-type=\"widget\" data-widget_type=\"spacer.default\">\n\t\t\t\t<div class=\"elementor-widget-container\">\n\t\t\t\t\t\t\t<div class=\"elementor-spacer\">\n\t\t\t<div class=\"elementor-spacer-inner\"><\/div>\n\t\t<\/div>\n\t\t\t\t\t\t<\/div>\n\t\t\t\t<\/div>\n\t\t\t\t<div class=\"elementor-element elementor-element-2a775982 elementor-widget elementor-widget-spacer\" data-id=\"2a775982\" data-element_type=\"widget\" data-e-type=\"widget\" data-widget_type=\"spacer.default\">\n\t\t\t\t<div class=\"elementor-widget-container\">\n\t\t\t\t\t\t\t<div class=\"elementor-spacer\">\n\t\t\t<div class=\"elementor-spacer-inner\"><\/div>\n\t\t<\/div>\n\t\t\t\t\t\t<\/div>\n\t\t\t\t<\/div>\n\t\t\t\t\t<\/div>\n\t\t<\/div>\n\t\t\t\t\t<\/div>\n\t\t<\/section>\n\t\t\t\t<\/div>\n\t\t","protected":false},"excerpt":{"rendered":"<p>Mg. Florencia Perduca Directora &#8211; Depto. Ingl\u00e9s Florencia es profesora en ingl\u00e9s y traductora t\u00e9cnico-cient\u00edfica y literaria graduada del IES en Lenguas Vivas \u201cJuan Ram\u00f3n Fern\u00e1ndez\u201d. Cuenta con un Master of Arts in Literary Linguistics por la Nottingham University y es Mag\u00edster en Administraci\u00f3n Educativa por la Universidad Di Tella. Florencia se desempe\u00f1\u00f3 como Rectora [&hellip;]<\/p>\n","protected":false},"author":2709,"featured_media":0,"parent":0,"menu_order":0,"comment_status":"closed","ping_status":"closed","template":"","meta":{"footnotes":""},"class_list":["post-7240","page","type-page","status-publish","hentry"],"_links":{"self":[{"href":"https:\/\/www.tarbut.edu.ar\/cms\/wp-json\/wp\/v2\/pages\/7240","targetHints":{"allow":["GET"]}}],"collection":[{"href":"https:\/\/www.tarbut.edu.ar\/cms\/wp-json\/wp\/v2\/pages"}],"about":[{"href":"https:\/\/www.tarbut.edu.ar\/cms\/wp-json\/wp\/v2\/types\/page"}],"author":[{"embeddable":true,"href":"https:\/\/www.tarbut.edu.ar\/cms\/wp-json\/wp\/v2\/users\/2709"}],"replies":[{"embeddable":true,"href":"https:\/\/www.tarbut.edu.ar\/cms\/wp-json\/wp\/v2\/comments?post=7240"}],"version-history":[{"count":11,"href":"https:\/\/www.tarbut.edu.ar\/cms\/wp-json\/wp\/v2\/pages\/7240\/revisions"}],"predecessor-version":[{"id":7840,"href":"https:\/\/www.tarbut.edu.ar\/cms\/wp-json\/wp\/v2\/pages\/7240\/revisions\/7840"}],"wp:attachment":[{"href":"https:\/\/www.tarbut.edu.ar\/cms\/wp-json\/wp\/v2\/media?parent=7240"}],"curies":[{"name":"wp","href":"https:\/\/api.w.org\/{rel}","templated":true}]}}