{"id":5096,"date":"2023-08-15T12:51:27","date_gmt":"2023-08-15T15:51:27","guid":{"rendered":"https:\/\/www.tarbut.edu.ar\/cms\/?page_id=5096"},"modified":"2024-05-10T13:12:47","modified_gmt":"2024-05-10T16:12:47","slug":"elementor-5096","status":"publish","type":"page","link":"https:\/\/www.tarbut.edu.ar\/cms\/elementor-5096\/","title":{"rendered":"Playlist: convivencia con sentido"},"content":{"rendered":"\t\t<div data-elementor-type=\"wp-page\" data-elementor-id=\"5096\" class=\"elementor elementor-5096\" data-elementor-post-type=\"page\">\n\t\t\t\t\t\t<section class=\"elementor-section elementor-top-section elementor-element elementor-element-73f8d526 elementor-section-boxed elementor-section-height-default elementor-section-height-default\" data-id=\"73f8d526\" data-element_type=\"section\" data-e-type=\"section\">\n\t\t\t\t\t\t<div class=\"elementor-container elementor-column-gap-default\">\n\t\t\t\t\t<div class=\"elementor-column elementor-col-100 elementor-top-column elementor-element elementor-element-1e0251c9\" data-id=\"1e0251c9\" data-element_type=\"column\" data-e-type=\"column\">\n\t\t\t<div class=\"elementor-widget-wrap elementor-element-populated\">\n\t\t\t\t\t\t<div class=\"elementor-element elementor-element-77e6813 elementor-widget elementor-widget-heading\" data-id=\"77e6813\" data-element_type=\"widget\" data-e-type=\"widget\" data-widget_type=\"heading.default\">\n\t\t\t\t<div class=\"elementor-widget-container\">\n\t\t\t\t\t<h2 class=\"elementor-heading-title elementor-size-default\">#ComunidadTarbutEnAcci\u00f3n<\/h2>\t\t\t\t<\/div>\n\t\t\t\t<\/div>\n\t\t\t\t\t<\/div>\n\t\t<\/div>\n\t\t\t\t\t<\/div>\n\t\t<\/section>\n\t\t\t\t<section class=\"elementor-section elementor-top-section elementor-element elementor-element-553ae017 elementor-section-boxed elementor-section-height-default elementor-section-height-default\" data-id=\"553ae017\" data-element_type=\"section\" data-e-type=\"section\">\n\t\t\t\t\t\t<div class=\"elementor-container elementor-column-gap-default\">\n\t\t\t\t\t<div class=\"elementor-column elementor-col-100 elementor-top-column elementor-element elementor-element-910f11b\" data-id=\"910f11b\" data-element_type=\"column\" data-e-type=\"column\">\n\t\t\t<div class=\"elementor-widget-wrap elementor-element-populated\">\n\t\t\t\t\t\t<div class=\"elementor-element elementor-element-2948ca12 elementor-widget__width-initial elementor-widget elementor-widget-image\" data-id=\"2948ca12\" data-element_type=\"widget\" data-e-type=\"widget\" data-widget_type=\"image.default\">\n\t\t\t\t<div class=\"elementor-widget-container\">\n\t\t\t\t\t\t\t\t\t\t\t\t\t\t\t<img decoding=\"async\" src=\"https:\/\/www.tarbut.edu.ar\/cms\/wp-content\/uploads\/elementor\/thumbs\/logo_2-05-qam664f55j5sdjcw4v0bzu3x7pp1df0b9cy6staj0w.png\" title=\"logo_2-05\" alt=\"logo_2-05\" loading=\"lazy\" \/>\t\t\t\t\t\t\t\t\t\t\t\t\t\t\t<\/div>\n\t\t\t\t<\/div>\n\t\t\t\t\t<\/div>\n\t\t<\/div>\n\t\t\t\t\t<\/div>\n\t\t<\/section>\n\t\t\t\t<section class=\"elementor-section elementor-top-section elementor-element elementor-element-79299993 elementor-section-boxed elementor-section-height-default elementor-section-height-default\" data-id=\"79299993\" data-element_type=\"section\" data-e-type=\"section\">\n\t\t\t\t\t\t<div class=\"elementor-container elementor-column-gap-default\">\n\t\t\t\t\t<div class=\"elementor-column elementor-col-100 elementor-top-column elementor-element elementor-element-833977c\" data-id=\"833977c\" data-element_type=\"column\" data-e-type=\"column\">\n\t\t\t<div class=\"elementor-widget-wrap elementor-element-populated\">\n\t\t\t\t\t\t<div class=\"elementor-element elementor-element-60ac82d7 elementor-align-center elementor-widget elementor-widget-button\" data-id=\"60ac82d7\" data-element_type=\"widget\" data-e-type=\"widget\" data-widget_type=\"button.default\">\n\t\t\t\t<div class=\"elementor-widget-container\">\n\t\t\t\t\t\t\t\t\t<div class=\"elementor-button-wrapper\">\n\t\t\t\t\t<a class=\"elementor-button elementor-button-link elementor-size-sm\" href=\"https:\/\/www.tarbut.edu.ar\/cms\/elementor-4717\/\">\n\t\t\t\t\t\t<span class=\"elementor-button-content-wrapper\">\n\t\t\t\t\t\t\t\t\t<span class=\"elementor-button-text\">VOLVER AL MEN\u00da<\/span>\n\t\t\t\t\t<\/span>\n\t\t\t\t\t<\/a>\n\t\t\t\t<\/div>\n\t\t\t\t\t\t\t\t<\/div>\n\t\t\t\t<\/div>\n\t\t\t\t\t<\/div>\n\t\t<\/div>\n\t\t\t\t\t<\/div>\n\t\t<\/section>\n\t\t\t\t<section class=\"elementor-section elementor-top-section elementor-element elementor-element-21c6931 elementor-section-boxed elementor-section-height-default elementor-section-height-default\" data-id=\"21c6931\" data-element_type=\"section\" data-e-type=\"section\">\n\t\t\t\t\t\t<div class=\"elementor-container elementor-column-gap-default\">\n\t\t\t\t\t<div class=\"elementor-column elementor-col-50 elementor-top-column elementor-element elementor-element-412fa46d\" data-id=\"412fa46d\" data-element_type=\"column\" data-e-type=\"column\">\n\t\t\t<div class=\"elementor-widget-wrap elementor-element-populated\">\n\t\t\t\t\t\t<div class=\"elementor-element elementor-element-3d43f113 elementor-widget elementor-widget-image\" data-id=\"3d43f113\" data-element_type=\"widget\" data-e-type=\"widget\" data-widget_type=\"image.default\">\n\t\t\t\t<div class=\"elementor-widget-container\">\n\t\t\t\t\t\t\t\t\t\t\t\t\t\t\t<img fetchpriority=\"high\" decoding=\"async\" width=\"800\" height=\"640\" src=\"https:\/\/www.tarbut.edu.ar\/cms\/wp-content\/uploads\/2023\/09\/00141\u00a9GESISCHILLING_DSC9682.png\" class=\"attachment-large size-large wp-image-5453\" alt=\"\" srcset=\"https:\/\/www.tarbut.edu.ar\/cms\/wp-content\/uploads\/2023\/09\/00141\u00a9GESISCHILLING_DSC9682.png 1000w, https:\/\/www.tarbut.edu.ar\/cms\/wp-content\/uploads\/2023\/09\/00141\u00a9GESISCHILLING_DSC9682-300x240.png 300w, https:\/\/www.tarbut.edu.ar\/cms\/wp-content\/uploads\/2023\/09\/00141\u00a9GESISCHILLING_DSC9682-768x614.png 768w\" sizes=\"(max-width: 800px) 100vw, 800px\" \/>\t\t\t\t\t\t\t\t\t\t\t\t\t\t\t<\/div>\n\t\t\t\t<\/div>\n\t\t\t\t\t<\/div>\n\t\t<\/div>\n\t\t\t\t<div class=\"elementor-column elementor-col-50 elementor-top-column elementor-element elementor-element-3f17506b\" data-id=\"3f17506b\" data-element_type=\"column\" data-e-type=\"column\">\n\t\t\t<div class=\"elementor-widget-wrap elementor-element-populated\">\n\t\t\t\t\t\t<div class=\"elementor-element elementor-element-7d80172 elementor-widget elementor-widget-heading\" data-id=\"7d80172\" data-element_type=\"widget\" data-e-type=\"widget\" data-widget_type=\"heading.default\">\n\t\t\t\t<div class=\"elementor-widget-container\">\n\t\t\t\t\t<h2 class=\"elementor-heading-title elementor-size-default\">Playlist: convivencia con sentido\n\n<\/h2>\t\t\t\t<\/div>\n\t\t\t\t<\/div>\n\t\t\t\t<div class=\"elementor-element elementor-element-22543c8 elementor-widget elementor-widget-heading\" data-id=\"22543c8\" data-element_type=\"widget\" data-e-type=\"widget\" data-widget_type=\"heading.default\">\n\t\t\t\t<div class=\"elementor-widget-container\">\n\t\t\t\t\t<h2 class=\"elementor-heading-title elementor-size-default\">Nivel Primario e intermedia<\/h2>\t\t\t\t<\/div>\n\t\t\t\t<\/div>\n\t\t\t\t<div class=\"elementor-element elementor-element-45711524 elementor-widget__width-initial elementor-widget elementor-widget-heading\" data-id=\"45711524\" data-element_type=\"widget\" data-e-type=\"widget\" data-widget_type=\"heading.default\">\n\t\t\t\t<div class=\"elementor-widget-container\">\n\t\t\t\t\t<h2 class=\"elementor-heading-title elementor-size-default\">En el marco del trabajo de promoci\u00f3n de los v\u00ednculos saludables en Tarbut, y pr\u00f3ximos a la propuesta institucional #Tarbutenaccion -abrazando la convivencia dise\u00f1amos Playlist convivencia con sentido: una iniciativa que parte de la met\u00e1fora de la construcci\u00f3n de un producto que se dise\u00f1a, modifica y crece colaborativamente.\n<br>\nUna playlist puede ser pensada como una lista de reproducci\u00f3n, como un cancionero o como una red de conexiones que se unen por el placer mismo de crear o escuchar m\u00fasica. La playlist puede ser construida colectivamente y siempre est\u00e1 abierta a modificaci\u00f3n.\n<br>\nPor un lado, la met\u00e1fora nos permite tomar como punto de partida la elaboraci\u00f3n colectiva, la idea de que el aporte del otro nos enriquece, nos constituye, nos potencia.\n<br>\nPor el otro, el contenido de la playlist  recupera canciones del acervo cultural que resultan sustanciales para la convivencia en la escuela.\n\n<br><\/h2>\t\t\t\t<\/div>\n\t\t\t\t<\/div>\n\t\t\t\t\t<\/div>\n\t\t<\/div>\n\t\t\t\t\t<\/div>\n\t\t<\/section>\n\t\t\t\t<\/div>\n\t\t","protected":false},"excerpt":{"rendered":"<p>#ComunidadTarbutEnAcci\u00f3n VOLVER AL MEN\u00da Playlist: convivencia con sentido Nivel Primario e intermedia En el marco del trabajo de promoci\u00f3n de los v\u00ednculos saludables en Tarbut, y pr\u00f3ximos a la propuesta institucional #Tarbutenaccion -abrazando la convivencia dise\u00f1amos Playlist convivencia con sentido: una iniciativa que parte de la met\u00e1fora de la construcci\u00f3n de un producto que se [&hellip;]<\/p>\n","protected":false},"author":1504,"featured_media":0,"parent":0,"menu_order":0,"comment_status":"closed","ping_status":"closed","template":"","meta":{"footnotes":""},"class_list":["post-5096","page","type-page","status-publish","hentry"],"_links":{"self":[{"href":"https:\/\/www.tarbut.edu.ar\/cms\/wp-json\/wp\/v2\/pages\/5096","targetHints":{"allow":["GET"]}}],"collection":[{"href":"https:\/\/www.tarbut.edu.ar\/cms\/wp-json\/wp\/v2\/pages"}],"about":[{"href":"https:\/\/www.tarbut.edu.ar\/cms\/wp-json\/wp\/v2\/types\/page"}],"author":[{"embeddable":true,"href":"https:\/\/www.tarbut.edu.ar\/cms\/wp-json\/wp\/v2\/users\/1504"}],"replies":[{"embeddable":true,"href":"https:\/\/www.tarbut.edu.ar\/cms\/wp-json\/wp\/v2\/comments?post=5096"}],"version-history":[{"count":11,"href":"https:\/\/www.tarbut.edu.ar\/cms\/wp-json\/wp\/v2\/pages\/5096\/revisions"}],"predecessor-version":[{"id":6404,"href":"https:\/\/www.tarbut.edu.ar\/cms\/wp-json\/wp\/v2\/pages\/5096\/revisions\/6404"}],"wp:attachment":[{"href":"https:\/\/www.tarbut.edu.ar\/cms\/wp-json\/wp\/v2\/media?parent=5096"}],"curies":[{"name":"wp","href":"https:\/\/api.w.org\/{rel}","templated":true}]}}