{"id":5069,"date":"2023-08-15T12:43:13","date_gmt":"2023-08-15T15:43:13","guid":{"rendered":"https:\/\/www.tarbut.edu.ar\/cms\/?page_id=5069"},"modified":"2023-08-30T15:43:07","modified_gmt":"2023-08-30T18:43:07","slug":"elementor-5069","status":"publish","type":"page","link":"https:\/\/www.tarbut.edu.ar\/cms\/elementor-5069\/","title":{"rendered":"Proyectos de tutor\u00eda"},"content":{"rendered":"\t\t<div data-elementor-type=\"wp-page\" data-elementor-id=\"5069\" class=\"elementor elementor-5069\" data-elementor-post-type=\"page\">\n\t\t\t\t\t\t<section class=\"elementor-section elementor-top-section elementor-element elementor-element-4bd7bf4 elementor-section-boxed elementor-section-height-default elementor-section-height-default\" data-id=\"4bd7bf4\" data-element_type=\"section\" data-e-type=\"section\">\n\t\t\t\t\t\t<div class=\"elementor-container elementor-column-gap-default\">\n\t\t\t\t\t<div class=\"elementor-column elementor-col-100 elementor-top-column elementor-element elementor-element-1828479\" data-id=\"1828479\" data-element_type=\"column\" data-e-type=\"column\">\n\t\t\t<div class=\"elementor-widget-wrap elementor-element-populated\">\n\t\t\t\t\t\t<div class=\"elementor-element elementor-element-3e5beb55 elementor-widget elementor-widget-heading\" data-id=\"3e5beb55\" data-element_type=\"widget\" data-e-type=\"widget\" data-widget_type=\"heading.default\">\n\t\t\t\t<div class=\"elementor-widget-container\">\n\t\t\t\t\t<h2 class=\"elementor-heading-title elementor-size-default\">#ComunidadTarbutEnAcci\u00f3n<\/h2>\t\t\t\t<\/div>\n\t\t\t\t<\/div>\n\t\t\t\t\t<\/div>\n\t\t<\/div>\n\t\t\t\t\t<\/div>\n\t\t<\/section>\n\t\t\t\t<section class=\"elementor-section elementor-top-section elementor-element elementor-element-469ba411 elementor-section-boxed elementor-section-height-default elementor-section-height-default\" data-id=\"469ba411\" data-element_type=\"section\" data-e-type=\"section\">\n\t\t\t\t\t\t<div class=\"elementor-container elementor-column-gap-default\">\n\t\t\t\t\t<div class=\"elementor-column elementor-col-100 elementor-top-column elementor-element elementor-element-30852d1d\" data-id=\"30852d1d\" data-element_type=\"column\" data-e-type=\"column\">\n\t\t\t<div class=\"elementor-widget-wrap elementor-element-populated\">\n\t\t\t\t\t\t<div class=\"elementor-element elementor-element-62421a0d elementor-widget__width-initial elementor-widget elementor-widget-image\" data-id=\"62421a0d\" data-element_type=\"widget\" data-e-type=\"widget\" data-widget_type=\"image.default\">\n\t\t\t\t<div class=\"elementor-widget-container\">\n\t\t\t\t\t\t\t\t\t\t\t\t\t\t\t<img decoding=\"async\" src=\"https:\/\/www.tarbut.edu.ar\/cms\/wp-content\/uploads\/elementor\/thumbs\/logo_2-05-qam664f55j5sdjcw4v0bzu3x7pp1df0b9cy6staj0w.png\" title=\"logo_2-05\" alt=\"logo_2-05\" loading=\"lazy\" \/>\t\t\t\t\t\t\t\t\t\t\t\t\t\t\t<\/div>\n\t\t\t\t<\/div>\n\t\t\t\t\t<\/div>\n\t\t<\/div>\n\t\t\t\t\t<\/div>\n\t\t<\/section>\n\t\t\t\t<section class=\"elementor-section elementor-top-section elementor-element elementor-element-e0b408c elementor-section-boxed elementor-section-height-default elementor-section-height-default\" data-id=\"e0b408c\" data-element_type=\"section\" data-e-type=\"section\">\n\t\t\t\t\t\t<div class=\"elementor-container elementor-column-gap-default\">\n\t\t\t\t\t<div class=\"elementor-column elementor-col-100 elementor-top-column elementor-element elementor-element-6d54dd72\" data-id=\"6d54dd72\" data-element_type=\"column\" data-e-type=\"column\">\n\t\t\t<div class=\"elementor-widget-wrap elementor-element-populated\">\n\t\t\t\t\t\t<div class=\"elementor-element elementor-element-772beed1 elementor-align-center elementor-widget elementor-widget-button\" data-id=\"772beed1\" data-element_type=\"widget\" data-e-type=\"widget\" data-widget_type=\"button.default\">\n\t\t\t\t<div class=\"elementor-widget-container\">\n\t\t\t\t\t\t\t\t\t<div class=\"elementor-button-wrapper\">\n\t\t\t\t\t<a class=\"elementor-button elementor-button-link elementor-size-sm\" href=\"https:\/\/www.tarbut.edu.ar\/cms\/elementor-4717\/\">\n\t\t\t\t\t\t<span class=\"elementor-button-content-wrapper\">\n\t\t\t\t\t\t\t\t\t<span class=\"elementor-button-text\">VOLVER AL MEN\u00da<\/span>\n\t\t\t\t\t<\/span>\n\t\t\t\t\t<\/a>\n\t\t\t\t<\/div>\n\t\t\t\t\t\t\t\t<\/div>\n\t\t\t\t<\/div>\n\t\t\t\t\t<\/div>\n\t\t<\/div>\n\t\t\t\t\t<\/div>\n\t\t<\/section>\n\t\t\t\t<section class=\"elementor-section elementor-top-section elementor-element elementor-element-428f27b elementor-section-boxed elementor-section-height-default elementor-section-height-default\" data-id=\"428f27b\" data-element_type=\"section\" data-e-type=\"section\">\n\t\t\t\t\t\t<div class=\"elementor-container elementor-column-gap-default\">\n\t\t\t\t\t<div class=\"elementor-column elementor-col-50 elementor-top-column elementor-element elementor-element-29377245\" data-id=\"29377245\" data-element_type=\"column\" data-e-type=\"column\">\n\t\t\t<div class=\"elementor-widget-wrap elementor-element-populated\">\n\t\t\t\t\t\t<div class=\"elementor-element elementor-element-39deaf16 elementor-widget elementor-widget-image\" data-id=\"39deaf16\" data-element_type=\"widget\" data-e-type=\"widget\" data-widget_type=\"image.default\">\n\t\t\t\t<div class=\"elementor-widget-container\">\n\t\t\t\t\t\t\t\t\t\t\t\t\t\t\t<img fetchpriority=\"high\" decoding=\"async\" width=\"800\" height=\"600\" src=\"https:\/\/www.tarbut.edu.ar\/cms\/wp-content\/uploads\/2023\/08\/20230808_101604-1024x768.jpg\" class=\"attachment-large size-large wp-image-5387\" alt=\"\" srcset=\"https:\/\/www.tarbut.edu.ar\/cms\/wp-content\/uploads\/2023\/08\/20230808_101604-1024x768.jpg 1024w, https:\/\/www.tarbut.edu.ar\/cms\/wp-content\/uploads\/2023\/08\/20230808_101604-300x225.jpg 300w, https:\/\/www.tarbut.edu.ar\/cms\/wp-content\/uploads\/2023\/08\/20230808_101604-768x576.jpg 768w, https:\/\/www.tarbut.edu.ar\/cms\/wp-content\/uploads\/2023\/08\/20230808_101604-1536x1152.jpg 1536w, https:\/\/www.tarbut.edu.ar\/cms\/wp-content\/uploads\/2023\/08\/20230808_101604-2048x1536.jpg 2048w\" sizes=\"(max-width: 800px) 100vw, 800px\" \/>\t\t\t\t\t\t\t\t\t\t\t\t\t\t\t<\/div>\n\t\t\t\t<\/div>\n\t\t\t\t\t<\/div>\n\t\t<\/div>\n\t\t\t\t<div class=\"elementor-column elementor-col-50 elementor-top-column elementor-element elementor-element-696c958f\" data-id=\"696c958f\" data-element_type=\"column\" data-e-type=\"column\">\n\t\t\t<div class=\"elementor-widget-wrap elementor-element-populated\">\n\t\t\t\t\t\t<div class=\"elementor-element elementor-element-3f3aeceb elementor-widget elementor-widget-heading\" data-id=\"3f3aeceb\" data-element_type=\"widget\" data-e-type=\"widget\" data-widget_type=\"heading.default\">\n\t\t\t\t<div class=\"elementor-widget-container\">\n\t\t\t\t\t<h2 class=\"elementor-heading-title elementor-size-default\">Proyectos de tutor\u00eda\u200b<\/h2>\t\t\t\t<\/div>\n\t\t\t\t<\/div>\n\t\t\t\t<div class=\"elementor-element elementor-element-7faa799a elementor-widget elementor-widget-heading\" data-id=\"7faa799a\" data-element_type=\"widget\" data-e-type=\"widget\" data-widget_type=\"heading.default\">\n\t\t\t\t<div class=\"elementor-widget-container\">\n\t\t\t\t\t<h2 class=\"elementor-heading-title elementor-size-default\">Nivel Primario e intermedia<\/h2>\t\t\t\t<\/div>\n\t\t\t\t<\/div>\n\t\t\t\t<div class=\"elementor-element elementor-element-2dfc84a1 elementor-widget__width-initial elementor-widget elementor-widget-heading\" data-id=\"2dfc84a1\" data-element_type=\"widget\" data-e-type=\"widget\" data-widget_type=\"heading.default\">\n\t\t\t\t<div class=\"elementor-widget-container\">\n\t\t\t\t\t<h2 class=\"elementor-heading-title elementor-size-default\">Tutor\u00eda es un espacio en el cual los chicos y chicas se conectan especialmente con sus emociones y con sus relaciones con los dem\u00e1s. Les contamos algunos de los proyectos que trabajamos. <br><span style=\"font-weight: normal\"><br><\/span>\"El cuidado del cuerpo propio y de de los\/as otros\/as\".<span style=\"font-weight: normal\">\n<\/span>\"Yo tambi\u00e9n ense\u00f1o\":<span style=\"font-weight: normal\"> propuesta en la que cada uno es docente por un d\u00eda.<br><\/span>\"Valorando la afectividad\": <span style=\"font-weight: normal\">trabajo de reconocimiento y abordaje de las emociones.<br><\/span>\"Buenos vecinos\":<span style=\"font-weight: normal\"> bajo la met\u00e1fora de los vecinos que conviven en un mismo edificio, trabajamos resoluci\u00f3n de problemas de la vida cotidiana que abordan el v\u00ednculo presencial y virtual (ciudadan\u00eda digital).<br><\/span>\"Somos todos un pueblo\"<span style=\"font-weight: normal\">: Se les propuso a los chicos y chicas dise\u00f1ar alternativas de convivencia para pueblos con diferentes caracter\u00edsticas: \"El pueblo de las etiquetas\", \"El pueblo de los invisibles\", \"El pueblo de los quejosos\".\n<\/span>\"C\u00f3mo digo lo que digo\": <span style=\"font-weight: normal\">proyecto para trabajar la comunicaci\u00f3n verbal y no verbal. <\/span><br>\"Habitantes digitales\" <span style=\"font-weight: normal\">en articulaci\u00f3n con el equipo de Tecnolog\u00eda trabajamos sobre ciudadan\u00eda digital.\n<\/span>Desayunos patri\u00f3ticos. <span style=\"font-weight: normal\"><br><\/span>Proyecto \u201cetiquetas\u201d.<\/h2>\t\t\t\t<\/div>\n\t\t\t\t<\/div>\n\t\t\t\t\t<\/div>\n\t\t<\/div>\n\t\t\t\t\t<\/div>\n\t\t<\/section>\n\t\t\t\t<\/div>\n\t\t","protected":false},"excerpt":{"rendered":"<p>#ComunidadTarbutEnAcci\u00f3n VOLVER AL MEN\u00da Proyectos de tutor\u00eda\u200b Nivel Primario e intermedia Tutor\u00eda es un espacio en el cual los chicos y chicas se conectan especialmente con sus emociones y con sus relaciones con los dem\u00e1s. Les contamos algunos de los proyectos que trabajamos. &#8220;El cuidado del cuerpo propio y de de los\/as otros\/as&#8221;. &#8220;Yo tambi\u00e9n [&hellip;]<\/p>\n","protected":false},"author":1504,"featured_media":0,"parent":0,"menu_order":0,"comment_status":"closed","ping_status":"closed","template":"","meta":{"footnotes":""},"class_list":["post-5069","page","type-page","status-publish","hentry"],"_links":{"self":[{"href":"https:\/\/www.tarbut.edu.ar\/cms\/wp-json\/wp\/v2\/pages\/5069","targetHints":{"allow":["GET"]}}],"collection":[{"href":"https:\/\/www.tarbut.edu.ar\/cms\/wp-json\/wp\/v2\/pages"}],"about":[{"href":"https:\/\/www.tarbut.edu.ar\/cms\/wp-json\/wp\/v2\/types\/page"}],"author":[{"embeddable":true,"href":"https:\/\/www.tarbut.edu.ar\/cms\/wp-json\/wp\/v2\/users\/1504"}],"replies":[{"embeddable":true,"href":"https:\/\/www.tarbut.edu.ar\/cms\/wp-json\/wp\/v2\/comments?post=5069"}],"version-history":[{"count":12,"href":"https:\/\/www.tarbut.edu.ar\/cms\/wp-json\/wp\/v2\/pages\/5069\/revisions"}],"predecessor-version":[{"id":5423,"href":"https:\/\/www.tarbut.edu.ar\/cms\/wp-json\/wp\/v2\/pages\/5069\/revisions\/5423"}],"wp:attachment":[{"href":"https:\/\/www.tarbut.edu.ar\/cms\/wp-json\/wp\/v2\/media?parent=5069"}],"curies":[{"name":"wp","href":"https:\/\/api.w.org\/{rel}","templated":true}]}}