{"id":5022,"date":"2023-08-15T12:19:18","date_gmt":"2023-08-15T15:19:18","guid":{"rendered":"https:\/\/www.tarbut.edu.ar\/cms\/?page_id=5022"},"modified":"2023-08-25T15:39:37","modified_gmt":"2023-08-25T18:39:37","slug":"elementor-5022","status":"publish","type":"page","link":"https:\/\/www.tarbut.edu.ar\/cms\/elementor-5022\/","title":{"rendered":"Proyectos biling\u00fces\u200b"},"content":{"rendered":"\t\t<div data-elementor-type=\"wp-page\" data-elementor-id=\"5022\" class=\"elementor elementor-5022\" data-elementor-post-type=\"page\">\n\t\t\t\t\t\t<section class=\"elementor-section elementor-top-section elementor-element elementor-element-641dd1db elementor-section-boxed elementor-section-height-default elementor-section-height-default\" data-id=\"641dd1db\" data-element_type=\"section\" data-e-type=\"section\">\n\t\t\t\t\t\t<div class=\"elementor-container elementor-column-gap-default\">\n\t\t\t\t\t<div class=\"elementor-column elementor-col-100 elementor-top-column elementor-element elementor-element-230d336b\" data-id=\"230d336b\" data-element_type=\"column\" data-e-type=\"column\">\n\t\t\t<div class=\"elementor-widget-wrap elementor-element-populated\">\n\t\t\t\t\t\t<div class=\"elementor-element elementor-element-2c947ff0 elementor-widget elementor-widget-heading\" data-id=\"2c947ff0\" data-element_type=\"widget\" data-e-type=\"widget\" data-widget_type=\"heading.default\">\n\t\t\t\t<div class=\"elementor-widget-container\">\n\t\t\t\t\t<h2 class=\"elementor-heading-title elementor-size-default\">#ComunidadTarbutEnAcci\u00f3n<\/h2>\t\t\t\t<\/div>\n\t\t\t\t<\/div>\n\t\t\t\t\t<\/div>\n\t\t<\/div>\n\t\t\t\t\t<\/div>\n\t\t<\/section>\n\t\t\t\t<section class=\"elementor-section elementor-top-section elementor-element elementor-element-44c05a35 elementor-section-boxed elementor-section-height-default elementor-section-height-default\" data-id=\"44c05a35\" data-element_type=\"section\" data-e-type=\"section\">\n\t\t\t\t\t\t<div class=\"elementor-container elementor-column-gap-default\">\n\t\t\t\t\t<div class=\"elementor-column elementor-col-100 elementor-top-column elementor-element elementor-element-791573ca\" data-id=\"791573ca\" data-element_type=\"column\" data-e-type=\"column\">\n\t\t\t<div class=\"elementor-widget-wrap elementor-element-populated\">\n\t\t\t\t\t\t<div class=\"elementor-element elementor-element-51446b17 elementor-widget__width-initial elementor-widget elementor-widget-image\" data-id=\"51446b17\" data-element_type=\"widget\" data-e-type=\"widget\" data-widget_type=\"image.default\">\n\t\t\t\t<div class=\"elementor-widget-container\">\n\t\t\t\t\t\t\t\t\t\t\t\t\t\t\t<img decoding=\"async\" src=\"https:\/\/www.tarbut.edu.ar\/cms\/wp-content\/uploads\/elementor\/thumbs\/logo_2-05-qam664f55j5sdjcw4v0bzu3x7pp1df0b9cy6staj0w.png\" title=\"logo_2-05\" alt=\"logo_2-05\" loading=\"lazy\" \/>\t\t\t\t\t\t\t\t\t\t\t\t\t\t\t<\/div>\n\t\t\t\t<\/div>\n\t\t\t\t\t<\/div>\n\t\t<\/div>\n\t\t\t\t\t<\/div>\n\t\t<\/section>\n\t\t\t\t<section class=\"elementor-section elementor-top-section elementor-element elementor-element-845e2f8 elementor-section-boxed elementor-section-height-default elementor-section-height-default\" data-id=\"845e2f8\" data-element_type=\"section\" data-e-type=\"section\">\n\t\t\t\t\t\t<div class=\"elementor-container elementor-column-gap-default\">\n\t\t\t\t\t<div class=\"elementor-column elementor-col-100 elementor-top-column elementor-element elementor-element-31a1fb8d\" data-id=\"31a1fb8d\" data-element_type=\"column\" data-e-type=\"column\">\n\t\t\t<div class=\"elementor-widget-wrap elementor-element-populated\">\n\t\t\t\t\t\t<div class=\"elementor-element elementor-element-2bf0b7c elementor-align-center elementor-widget elementor-widget-button\" data-id=\"2bf0b7c\" data-element_type=\"widget\" data-e-type=\"widget\" data-widget_type=\"button.default\">\n\t\t\t\t<div class=\"elementor-widget-container\">\n\t\t\t\t\t\t\t\t\t<div class=\"elementor-button-wrapper\">\n\t\t\t\t\t<a class=\"elementor-button elementor-button-link elementor-size-sm\" href=\"https:\/\/www.tarbut.edu.ar\/cms\/elementor-4717\/\">\n\t\t\t\t\t\t<span class=\"elementor-button-content-wrapper\">\n\t\t\t\t\t\t\t\t\t<span class=\"elementor-button-text\">VOLVER AL MEN\u00da<\/span>\n\t\t\t\t\t<\/span>\n\t\t\t\t\t<\/a>\n\t\t\t\t<\/div>\n\t\t\t\t\t\t\t\t<\/div>\n\t\t\t\t<\/div>\n\t\t\t\t\t<\/div>\n\t\t<\/div>\n\t\t\t\t\t<\/div>\n\t\t<\/section>\n\t\t\t\t<section class=\"elementor-section elementor-top-section elementor-element elementor-element-201a6817 elementor-section-boxed elementor-section-height-default elementor-section-height-default\" data-id=\"201a6817\" data-element_type=\"section\" data-e-type=\"section\">\n\t\t\t\t\t\t<div class=\"elementor-container elementor-column-gap-default\">\n\t\t\t\t\t<div class=\"elementor-column elementor-col-50 elementor-top-column elementor-element elementor-element-384cc8ce\" data-id=\"384cc8ce\" data-element_type=\"column\" data-e-type=\"column\">\n\t\t\t<div class=\"elementor-widget-wrap elementor-element-populated\">\n\t\t\t\t\t\t<div class=\"elementor-element elementor-element-4979c98f elementor-widget elementor-widget-image\" data-id=\"4979c98f\" data-element_type=\"widget\" data-e-type=\"widget\" data-widget_type=\"image.default\">\n\t\t\t\t<div class=\"elementor-widget-container\">\n\t\t\t\t\t\t\t\t\t\t\t\t\t\t\t<img fetchpriority=\"high\" decoding=\"async\" width=\"800\" height=\"633\" src=\"https:\/\/www.tarbut.edu.ar\/cms\/wp-content\/uploads\/2023\/08\/WhatsApp-Image-2023-08-25-at-15.11.52-1024x810.jpg\" class=\"attachment-large size-large wp-image-5371\" alt=\"\" srcset=\"https:\/\/www.tarbut.edu.ar\/cms\/wp-content\/uploads\/2023\/08\/WhatsApp-Image-2023-08-25-at-15.11.52-1024x810.jpg 1024w, https:\/\/www.tarbut.edu.ar\/cms\/wp-content\/uploads\/2023\/08\/WhatsApp-Image-2023-08-25-at-15.11.52-300x237.jpg 300w, https:\/\/www.tarbut.edu.ar\/cms\/wp-content\/uploads\/2023\/08\/WhatsApp-Image-2023-08-25-at-15.11.52-768x608.jpg 768w, https:\/\/www.tarbut.edu.ar\/cms\/wp-content\/uploads\/2023\/08\/WhatsApp-Image-2023-08-25-at-15.11.52.jpg 1197w\" sizes=\"(max-width: 800px) 100vw, 800px\" \/>\t\t\t\t\t\t\t\t\t\t\t\t\t\t\t<\/div>\n\t\t\t\t<\/div>\n\t\t\t\t\t<\/div>\n\t\t<\/div>\n\t\t\t\t<div class=\"elementor-column elementor-col-50 elementor-top-column elementor-element elementor-element-7767b337\" data-id=\"7767b337\" data-element_type=\"column\" data-e-type=\"column\">\n\t\t\t<div class=\"elementor-widget-wrap elementor-element-populated\">\n\t\t\t\t\t\t<div class=\"elementor-element elementor-element-45ad91a9 elementor-widget elementor-widget-heading\" data-id=\"45ad91a9\" data-element_type=\"widget\" data-e-type=\"widget\" data-widget_type=\"heading.default\">\n\t\t\t\t<div class=\"elementor-widget-container\">\n\t\t\t\t\t<h2 class=\"elementor-heading-title elementor-size-default\">Proyectos biling\u00fces<\/h2>\t\t\t\t<\/div>\n\t\t\t\t<\/div>\n\t\t\t\t<div class=\"elementor-element elementor-element-24ccc473 elementor-widget elementor-widget-heading\" data-id=\"24ccc473\" data-element_type=\"widget\" data-e-type=\"widget\" data-widget_type=\"heading.default\">\n\t\t\t\t<div class=\"elementor-widget-container\">\n\t\t\t\t\t<h2 class=\"elementor-heading-title elementor-size-default\">Nivel inicial<\/h2>\t\t\t\t<\/div>\n\t\t\t\t<\/div>\n\t\t\t\t<div class=\"elementor-element elementor-element-3343b38e elementor-widget__width-initial elementor-widget elementor-widget-heading\" data-id=\"3343b38e\" data-element_type=\"widget\" data-e-type=\"widget\" data-widget_type=\"heading.default\">\n\t\t\t\t<div class=\"elementor-widget-container\">\n\t\t\t\t\t<h2 class=\"elementor-heading-title elementor-size-default\">Los proyectos \u201cMi Semana - My Week\u201d y \u201cHoy te quiero contar - Show and Tell\u201d tienen como prop\u00f3sito brindar un espacio individual a cada uno\/a de los\/as alumnos\/as. Es una instancia donde los\/as chicos\/as se pueden dar a conocer en profundidad y brinda la oportunidad de un intercambio grupal donde se prioriza la empat\u00eda, la diversidad, el respeto por la palabra, los sentimientos y pensamientos de los dem\u00e1s.\n\n<\/h2>\t\t\t\t<\/div>\n\t\t\t\t<\/div>\n\t\t\t\t\t<\/div>\n\t\t<\/div>\n\t\t\t\t\t<\/div>\n\t\t<\/section>\n\t\t\t\t<\/div>\n\t\t","protected":false},"excerpt":{"rendered":"<p>#ComunidadTarbutEnAcci\u00f3n VOLVER AL MEN\u00da Proyectos biling\u00fces Nivel inicial Los proyectos \u201cMi Semana &#8211; My Week\u201d y \u201cHoy te quiero contar &#8211; Show and Tell\u201d tienen como prop\u00f3sito brindar un espacio individual a cada uno\/a de los\/as alumnos\/as. Es una instancia donde los\/as chicos\/as se pueden dar a conocer en profundidad y brinda la oportunidad de [&hellip;]<\/p>\n","protected":false},"author":1504,"featured_media":0,"parent":0,"menu_order":0,"comment_status":"closed","ping_status":"closed","template":"","meta":{"footnotes":""},"class_list":["post-5022","page","type-page","status-publish","hentry"],"_links":{"self":[{"href":"https:\/\/www.tarbut.edu.ar\/cms\/wp-json\/wp\/v2\/pages\/5022","targetHints":{"allow":["GET"]}}],"collection":[{"href":"https:\/\/www.tarbut.edu.ar\/cms\/wp-json\/wp\/v2\/pages"}],"about":[{"href":"https:\/\/www.tarbut.edu.ar\/cms\/wp-json\/wp\/v2\/types\/page"}],"author":[{"embeddable":true,"href":"https:\/\/www.tarbut.edu.ar\/cms\/wp-json\/wp\/v2\/users\/1504"}],"replies":[{"embeddable":true,"href":"https:\/\/www.tarbut.edu.ar\/cms\/wp-json\/wp\/v2\/comments?post=5022"}],"version-history":[{"count":8,"href":"https:\/\/www.tarbut.edu.ar\/cms\/wp-json\/wp\/v2\/pages\/5022\/revisions"}],"predecessor-version":[{"id":5374,"href":"https:\/\/www.tarbut.edu.ar\/cms\/wp-json\/wp\/v2\/pages\/5022\/revisions\/5374"}],"wp:attachment":[{"href":"https:\/\/www.tarbut.edu.ar\/cms\/wp-json\/wp\/v2\/media?parent=5022"}],"curies":[{"name":"wp","href":"https:\/\/api.w.org\/{rel}","templated":true}]}}