{"id":4633,"date":"2023-06-14T13:20:41","date_gmt":"2023-06-14T16:20:41","guid":{"rendered":"https:\/\/www.tarbut.edu.ar\/cms\/?page_id=4633"},"modified":"2025-01-19T12:06:35","modified_gmt":"2025-01-19T15:06:35","slug":"elementor-4633","status":"publish","type":"page","link":"https:\/\/www.tarbut.edu.ar\/cms\/elementor-4633\/","title":{"rendered":"Tecnolog\u00eda"},"content":{"rendered":"\t\t<div data-elementor-type=\"wp-page\" data-elementor-id=\"4633\" class=\"elementor elementor-4633\" data-elementor-post-type=\"page\">\n\t\t\t\t\t\t<section class=\"elementor-section elementor-top-section elementor-element elementor-element-29d8e14b elementor-section-full_width elementor-section-height-default elementor-section-height-default\" data-id=\"29d8e14b\" data-element_type=\"section\" data-e-type=\"section\" data-settings=\"{&quot;background_background&quot;:&quot;classic&quot;}\">\n\t\t\t\t\t\t<div class=\"elementor-container elementor-column-gap-default\">\n\t\t\t\t\t<div class=\"elementor-column elementor-col-100 elementor-top-column elementor-element elementor-element-5e88b709\" data-id=\"5e88b709\" data-element_type=\"column\" data-e-type=\"column\" data-settings=\"{&quot;background_background&quot;:&quot;classic&quot;}\">\n\t\t\t<div class=\"elementor-widget-wrap elementor-element-populated\">\n\t\t\t\t\t\t<div class=\"elementor-element elementor-element-738c81e8 elementor--h-position-center elementor--v-position-middle elementor-widget elementor-widget-slides\" data-id=\"738c81e8\" data-element_type=\"widget\" data-e-type=\"widget\" data-settings=\"{&quot;navigation&quot;:&quot;none&quot;,&quot;autoplay&quot;:&quot;yes&quot;,&quot;pause_on_hover&quot;:&quot;yes&quot;,&quot;pause_on_interaction&quot;:&quot;yes&quot;,&quot;autoplay_speed&quot;:5000,&quot;infinite&quot;:&quot;yes&quot;,&quot;transition&quot;:&quot;slide&quot;,&quot;transition_speed&quot;:500}\" data-widget_type=\"slides.default\">\n\t\t\t\t<div class=\"elementor-widget-container\">\n\t\t\t\t\t\t\t\t\t<div class=\"elementor-swiper\">\n\t\t\t\t\t<div class=\"elementor-slides-wrapper elementor-main-swiper swiper\" role=\"region\" aria-roledescription=\"carousel\" aria-label=\"Diapositivas\" dir=\"ltr\" data-animation=\"fadeInUp\">\n\t\t\t\t<div class=\"swiper-wrapper elementor-slides\">\n\t\t\t\t\t\t\t\t\t\t<div class=\"elementor-repeater-item-fbb3afd swiper-slide\" role=\"group\" aria-roledescription=\"slide\"><div class=\"swiper-slide-bg\"><\/div><div class=\"swiper-slide-inner\" ><div class=\"swiper-slide-contents\"><div class=\"elementor-slide-heading\">Innovaci\u00f3n tecnol\u00f3gica<\/div><\/div><\/div><\/div>\t\t\t\t<\/div>\n\t\t\t\t\t\t\t<\/div>\n\t\t\t\t<\/div>\n\t\t\t\t\t\t\t\t<\/div>\n\t\t\t\t<\/div>\n\t\t\t\t\t<\/div>\n\t\t<\/div>\n\t\t\t\t\t<\/div>\n\t\t<\/section>\n\t\t\t\t<section class=\"elementor-section elementor-top-section elementor-element elementor-element-457ab29a elementor-section-boxed elementor-section-height-default elementor-section-height-default\" data-id=\"457ab29a\" data-element_type=\"section\" data-e-type=\"section\">\n\t\t\t\t\t\t<div class=\"elementor-container elementor-column-gap-default\">\n\t\t\t\t\t<div class=\"elementor-column elementor-col-100 elementor-top-column elementor-element elementor-element-4bff75ca\" data-id=\"4bff75ca\" data-element_type=\"column\" data-e-type=\"column\">\n\t\t\t<div class=\"elementor-widget-wrap elementor-element-populated\">\n\t\t\t\t\t\t<div class=\"elementor-element elementor-element-2799c291 elementor-widget-divider--separator-type-pattern elementor-widget-divider--view-line elementor-widget elementor-widget-divider\" data-id=\"2799c291\" data-element_type=\"widget\" data-e-type=\"widget\" data-widget_type=\"divider.default\">\n\t\t\t\t<div class=\"elementor-widget-container\">\n\t\t\t\t\t\t\t<div class=\"elementor-divider\" style=\"--divider-pattern-url: url(&quot;data:image\/svg+xml,%3Csvg xmlns=&#039;http:\/\/www.w3.org\/2000\/svg&#039; preserveAspectRatio=&#039;none&#039; overflow=&#039;visible&#039; height=&#039;100%&#039; viewBox=&#039;0 0 24 24&#039; fill=&#039;none&#039; stroke=&#039;black&#039; stroke-width=&#039;1.5&#039; stroke-linecap=&#039;square&#039; stroke-miterlimit=&#039;10&#039;%3E%3Cpath d=&#039;M0,6c6,0,6,13,12,13S18,6,24,6&#039;\/%3E%3C\/svg%3E&quot;);\">\n\t\t\t<span class=\"elementor-divider-separator\">\n\t\t\t\t\t\t<\/span>\n\t\t<\/div>\n\t\t\t\t\t\t<\/div>\n\t\t\t\t<\/div>\n\t\t\t\t\t<\/div>\n\t\t<\/div>\n\t\t\t\t\t<\/div>\n\t\t<\/section>\n\t\t\t\t<section class=\"elementor-section elementor-top-section elementor-element elementor-element-606fc02 elementor-section-boxed elementor-section-height-default elementor-section-height-default\" data-id=\"606fc02\" data-element_type=\"section\" data-e-type=\"section\">\n\t\t\t\t\t\t<div class=\"elementor-container elementor-column-gap-default\">\n\t\t\t\t\t<div class=\"elementor-column elementor-col-100 elementor-top-column elementor-element elementor-element-f4f35dd\" data-id=\"f4f35dd\" data-element_type=\"column\" data-e-type=\"column\">\n\t\t\t<div class=\"elementor-widget-wrap elementor-element-populated\">\n\t\t\t\t\t\t<div class=\"elementor-element elementor-element-11cf481 elementor-widget elementor-widget-text-editor\" data-id=\"11cf481\" data-element_type=\"widget\" data-e-type=\"widget\" data-widget_type=\"text-editor.default\">\n\t\t\t\t<div class=\"elementor-widget-container\">\n\t\t\t\t\t\t\t\t\t<p dir=\"ltr\">Preparamos a chicas y chicos para un futuro que desconocemos: por eso nuestro foco est\u00e1 puesto en estimular habilidades tales como la curiosidad, el trabajo colaborativo, la resoluci\u00f3n de problemas, la creatividad, el pensamiento cr\u00edtico, la comunicaci\u00f3n efectiva, la flexibilidad y la innovaci\u00f3n.<\/p><p dir=\"ltr\">De esta manera, utilizamos la tecnolog\u00eda para habilitar nuevas dimensiones que potencien los procesos de ense\u00f1anza y aprendizaje, articul\u00e1ndola con las diferentes materias.<\/p><p dir=\"ltr\">Desde sala de 4 hasta secundaria, nuestros estudiantes desarrollan conocimientos en:<\/p><ul><li dir=\"ltr\">Convivencia digital<\/li><li dir=\"ltr\">Programaci\u00f3n\u00a0<\/li><li dir=\"ltr\">Rob\u00f3tica<\/li><li dir=\"ltr\">Dise\u00f1o e impresi\u00f3n en 3D<\/li><li dir=\"ltr\">An\u00e1lisis de datos<\/li><li dir=\"ltr\">Arte digital<\/li><li dir=\"ltr\">Tecnolog\u00eda de la comunicaci\u00f3n<\/li><\/ul>\t\t\t\t\t\t\t\t<\/div>\n\t\t\t\t<\/div>\n\t\t\t\t\t<\/div>\n\t\t<\/div>\n\t\t\t\t\t<\/div>\n\t\t<\/section>\n\t\t\t\t<section class=\"elementor-section elementor-top-section elementor-element elementor-element-1cd62fa5 elementor-section-boxed elementor-section-height-default elementor-section-height-default\" data-id=\"1cd62fa5\" data-element_type=\"section\" data-e-type=\"section\">\n\t\t\t\t\t\t<div class=\"elementor-container elementor-column-gap-default\">\n\t\t\t\t\t<div class=\"elementor-column elementor-col-100 elementor-top-column elementor-element elementor-element-11291ad1\" data-id=\"11291ad1\" data-element_type=\"column\" data-e-type=\"column\">\n\t\t\t<div class=\"elementor-widget-wrap elementor-element-populated\">\n\t\t\t\t\t\t<div class=\"elementor-element elementor-element-7e6cfeca elementor-fixed elementor-view-default elementor-widget elementor-widget-global elementor-global-2726 elementor-widget-icon\" data-id=\"7e6cfeca\" data-element_type=\"widget\" data-e-type=\"widget\" data-settings=\"{&quot;_position&quot;:&quot;fixed&quot;}\" data-widget_type=\"icon.default\">\n\t\t\t\t<div class=\"elementor-widget-container\">\n\t\t\t\t\t\t\t<div class=\"elementor-icon-wrapper\">\n\t\t\t<a class=\"elementor-icon\" href=\"https:\/\/api.whatsapp.com\/send?phone=5491133959415&#038;text=%C2%A1Hola!%20Quiero%20agendar%20una%20entrevista\" target=\"_blank\">\n\t\t\t<i aria-hidden=\"true\" class=\"fab fa-whatsapp-square\"><\/i>\t\t\t<\/a>\n\t\t<\/div>\n\t\t\t\t\t\t<\/div>\n\t\t\t\t<\/div>\n\t\t\t\t\t<\/div>\n\t\t<\/div>\n\t\t\t\t\t<\/div>\n\t\t<\/section>\n\t\t\t\t<section class=\"elementor-section elementor-top-section elementor-element elementor-element-1debe8b3 elementor-section-boxed elementor-section-height-default elementor-section-height-default\" data-id=\"1debe8b3\" data-element_type=\"section\" data-e-type=\"section\">\n\t\t\t\t\t\t<div class=\"elementor-container elementor-column-gap-no\">\n\t\t\t\t\t<div class=\"elementor-column elementor-col-100 elementor-top-column elementor-element elementor-element-3000d006\" data-id=\"3000d006\" data-element_type=\"column\" data-e-type=\"column\">\n\t\t\t<div class=\"elementor-widget-wrap elementor-element-populated\">\n\t\t\t\t\t\t<div class=\"elementor-element elementor-element-682b7d9e elementor-widget elementor-widget-gallery\" data-id=\"682b7d9e\" data-element_type=\"widget\" data-e-type=\"widget\" data-settings=\"{&quot;gap&quot;:{&quot;unit&quot;:&quot;px&quot;,&quot;size&quot;:0,&quot;sizes&quot;:[]},&quot;aspect_ratio&quot;:&quot;4:3&quot;,&quot;columns_mobile&quot;:2,&quot;gap_mobile&quot;:{&quot;unit&quot;:&quot;px&quot;,&quot;size&quot;:0,&quot;sizes&quot;:[]},&quot;lazyload&quot;:&quot;yes&quot;,&quot;gallery_layout&quot;:&quot;grid&quot;,&quot;columns&quot;:4,&quot;columns_tablet&quot;:2,&quot;gap_tablet&quot;:{&quot;unit&quot;:&quot;px&quot;,&quot;size&quot;:10,&quot;sizes&quot;:[]},&quot;link_to&quot;:&quot;file&quot;,&quot;overlay_background&quot;:&quot;yes&quot;,&quot;content_hover_animation&quot;:&quot;fade-in&quot;}\" data-widget_type=\"gallery.default\">\n\t\t\t\t<div class=\"elementor-widget-container\">\n\t\t\t\t\t\t\t<div class=\"elementor-gallery__container\">\n\t\t\t\t\t\t\t<a class=\"e-gallery-item elementor-gallery-item elementor-animated-content\" href=\"https:\/\/www.tarbut.edu.ar\/cms\/wp-content\/uploads\/2023\/07\/20230420_094822-scaled.jpg\" data-elementor-open-lightbox=\"yes\" data-elementor-lightbox-slideshow=\"682b7d9e\" data-elementor-lightbox-title=\"20230420_094822\" data-e-action-hash=\"#elementor-action%3Aaction%3Dlightbox%26settings%3DeyJpZCI6NDY4MCwidXJsIjoiaHR0cHM6XC9cL3d3dy50YXJidXQuZWR1LmFyXC9jbXNcL3dwLWNvbnRlbnRcL3VwbG9hZHNcLzIwMjNcLzA3XC8yMDIzMDQyMF8wOTQ4MjItc2NhbGVkLmpwZyIsInNsaWRlc2hvdyI6IjY4MmI3ZDllIn0%3D\">\n\t\t\t\t\t<div class=\"e-gallery-image elementor-gallery-item__image\" data-thumbnail=\"https:\/\/www.tarbut.edu.ar\/cms\/wp-content\/uploads\/2023\/07\/20230420_094822-scaled.jpg\" data-width=\"2560\" data-height=\"1920\" aria-label=\"\" role=\"img\" ><\/div>\n\t\t\t\t\t\t\t\t\t\t\t<div class=\"elementor-gallery-item__overlay\"><\/div>\n\t\t\t\t\t\t\t\t\t\t\t\t\t\t<\/a>\n\t\t\t\t\t\t\t<a class=\"e-gallery-item elementor-gallery-item elementor-animated-content\" href=\"https:\/\/www.tarbut.edu.ar\/cms\/wp-content\/uploads\/2023\/07\/20230420_095707-scaled.jpg\" data-elementor-open-lightbox=\"yes\" data-elementor-lightbox-slideshow=\"682b7d9e\" data-elementor-lightbox-title=\"20230420_095707\" data-e-action-hash=\"#elementor-action%3Aaction%3Dlightbox%26settings%3DeyJpZCI6NDY4MSwidXJsIjoiaHR0cHM6XC9cL3d3dy50YXJidXQuZWR1LmFyXC9jbXNcL3dwLWNvbnRlbnRcL3VwbG9hZHNcLzIwMjNcLzA3XC8yMDIzMDQyMF8wOTU3MDctc2NhbGVkLmpwZyIsInNsaWRlc2hvdyI6IjY4MmI3ZDllIn0%3D\">\n\t\t\t\t\t<div class=\"e-gallery-image elementor-gallery-item__image\" data-thumbnail=\"https:\/\/www.tarbut.edu.ar\/cms\/wp-content\/uploads\/2023\/07\/20230420_095707-scaled.jpg\" data-width=\"2560\" data-height=\"1920\" aria-label=\"\" role=\"img\" ><\/div>\n\t\t\t\t\t\t\t\t\t\t\t<div class=\"elementor-gallery-item__overlay\"><\/div>\n\t\t\t\t\t\t\t\t\t\t\t\t\t\t<\/a>\n\t\t\t\t\t\t\t<a class=\"e-gallery-item elementor-gallery-item elementor-animated-content\" href=\"https:\/\/www.tarbut.edu.ar\/cms\/wp-content\/uploads\/2023\/07\/PHOTO-2023-06-22-13-03-12.jpg\" data-elementor-open-lightbox=\"yes\" data-elementor-lightbox-slideshow=\"682b7d9e\" data-elementor-lightbox-title=\"PHOTO-2023-06-22-13-03-12\" data-e-action-hash=\"#elementor-action%3Aaction%3Dlightbox%26settings%3DeyJpZCI6NDcxMCwidXJsIjoiaHR0cHM6XC9cL3d3dy50YXJidXQuZWR1LmFyXC9jbXNcL3dwLWNvbnRlbnRcL3VwbG9hZHNcLzIwMjNcLzA3XC9QSE9UTy0yMDIzLTA2LTIyLTEzLTAzLTEyLmpwZyIsInNsaWRlc2hvdyI6IjY4MmI3ZDllIn0%3D\">\n\t\t\t\t\t<div class=\"e-gallery-image elementor-gallery-item__image\" data-thumbnail=\"https:\/\/www.tarbut.edu.ar\/cms\/wp-content\/uploads\/2023\/07\/PHOTO-2023-06-22-13-03-12.jpg\" data-width=\"1500\" data-height=\"1500\" aria-label=\"\" role=\"img\" ><\/div>\n\t\t\t\t\t\t\t\t\t\t\t<div class=\"elementor-gallery-item__overlay\"><\/div>\n\t\t\t\t\t\t\t\t\t\t\t\t\t\t<\/a>\n\t\t\t\t\t\t\t<a class=\"e-gallery-item elementor-gallery-item elementor-animated-content\" href=\"https:\/\/www.tarbut.edu.ar\/cms\/wp-content\/uploads\/2023\/07\/20230420_105009-scaled.jpg\" data-elementor-open-lightbox=\"yes\" data-elementor-lightbox-slideshow=\"682b7d9e\" data-elementor-lightbox-title=\"20230420_105009\" data-e-action-hash=\"#elementor-action%3Aaction%3Dlightbox%26settings%3DeyJpZCI6NDY4MiwidXJsIjoiaHR0cHM6XC9cL3d3dy50YXJidXQuZWR1LmFyXC9jbXNcL3dwLWNvbnRlbnRcL3VwbG9hZHNcLzIwMjNcLzA3XC8yMDIzMDQyMF8xMDUwMDktc2NhbGVkLmpwZyIsInNsaWRlc2hvdyI6IjY4MmI3ZDllIn0%3D\">\n\t\t\t\t\t<div class=\"e-gallery-image elementor-gallery-item__image\" data-thumbnail=\"https:\/\/www.tarbut.edu.ar\/cms\/wp-content\/uploads\/2023\/07\/20230420_105009-scaled.jpg\" data-width=\"2560\" data-height=\"1920\" aria-label=\"\" role=\"img\" ><\/div>\n\t\t\t\t\t\t\t\t\t\t\t<div class=\"elementor-gallery-item__overlay\"><\/div>\n\t\t\t\t\t\t\t\t\t\t\t\t\t\t<\/a>\n\t\t\t\t\t\t\t<a class=\"e-gallery-item elementor-gallery-item elementor-animated-content\" href=\"https:\/\/www.tarbut.edu.ar\/cms\/wp-content\/uploads\/2023\/07\/20230512_141815-scaled.jpg\" data-elementor-open-lightbox=\"yes\" data-elementor-lightbox-slideshow=\"682b7d9e\" data-elementor-lightbox-title=\"20230512_141815\" data-e-action-hash=\"#elementor-action%3Aaction%3Dlightbox%26settings%3DeyJpZCI6NDY4MywidXJsIjoiaHR0cHM6XC9cL3d3dy50YXJidXQuZWR1LmFyXC9jbXNcL3dwLWNvbnRlbnRcL3VwbG9hZHNcLzIwMjNcLzA3XC8yMDIzMDUxMl8xNDE4MTUtc2NhbGVkLmpwZyIsInNsaWRlc2hvdyI6IjY4MmI3ZDllIn0%3D\">\n\t\t\t\t\t<div class=\"e-gallery-image elementor-gallery-item__image\" data-thumbnail=\"https:\/\/www.tarbut.edu.ar\/cms\/wp-content\/uploads\/2023\/07\/20230512_141815-scaled.jpg\" data-width=\"2560\" data-height=\"1442\" aria-label=\"\" role=\"img\" ><\/div>\n\t\t\t\t\t\t\t\t\t\t\t<div class=\"elementor-gallery-item__overlay\"><\/div>\n\t\t\t\t\t\t\t\t\t\t\t\t\t\t<\/a>\n\t\t\t\t\t\t\t<a class=\"e-gallery-item elementor-gallery-item elementor-animated-content\" href=\"https:\/\/www.tarbut.edu.ar\/cms\/wp-content\/uploads\/2023\/07\/PHOTO-2023-07-13-09-40-52.jpg\" data-elementor-open-lightbox=\"yes\" data-elementor-lightbox-slideshow=\"682b7d9e\" data-elementor-lightbox-title=\"PHOTO-2023-07-13-09-40-52\" data-e-action-hash=\"#elementor-action%3Aaction%3Dlightbox%26settings%3DeyJpZCI6NDcxMSwidXJsIjoiaHR0cHM6XC9cL3d3dy50YXJidXQuZWR1LmFyXC9jbXNcL3dwLWNvbnRlbnRcL3VwbG9hZHNcLzIwMjNcLzA3XC9QSE9UTy0yMDIzLTA3LTEzLTA5LTQwLTUyLmpwZyIsInNsaWRlc2hvdyI6IjY4MmI3ZDllIn0%3D\">\n\t\t\t\t\t<div class=\"e-gallery-image elementor-gallery-item__image\" data-thumbnail=\"https:\/\/www.tarbut.edu.ar\/cms\/wp-content\/uploads\/2023\/07\/PHOTO-2023-07-13-09-40-52.jpg\" data-width=\"1500\" data-height=\"1500\" aria-label=\"\" role=\"img\" ><\/div>\n\t\t\t\t\t\t\t\t\t\t\t<div class=\"elementor-gallery-item__overlay\"><\/div>\n\t\t\t\t\t\t\t\t\t\t\t\t\t\t<\/a>\n\t\t\t\t\t\t\t<a class=\"e-gallery-item elementor-gallery-item elementor-animated-content\" href=\"https:\/\/www.tarbut.edu.ar\/cms\/wp-content\/uploads\/2023\/07\/20230713_101104-scaled.jpg\" data-elementor-open-lightbox=\"yes\" data-elementor-lightbox-slideshow=\"682b7d9e\" data-elementor-lightbox-title=\"20230713_101104\" data-e-action-hash=\"#elementor-action%3Aaction%3Dlightbox%26settings%3DeyJpZCI6NDY4NCwidXJsIjoiaHR0cHM6XC9cL3d3dy50YXJidXQuZWR1LmFyXC9jbXNcL3dwLWNvbnRlbnRcL3VwbG9hZHNcLzIwMjNcLzA3XC8yMDIzMDcxM18xMDExMDQtc2NhbGVkLmpwZyIsInNsaWRlc2hvdyI6IjY4MmI3ZDllIn0%3D\">\n\t\t\t\t\t<div class=\"e-gallery-image elementor-gallery-item__image\" data-thumbnail=\"https:\/\/www.tarbut.edu.ar\/cms\/wp-content\/uploads\/2023\/07\/20230713_101104-scaled.jpg\" data-width=\"1920\" data-height=\"2560\" aria-label=\"\" role=\"img\" ><\/div>\n\t\t\t\t\t\t\t\t\t\t\t<div class=\"elementor-gallery-item__overlay\"><\/div>\n\t\t\t\t\t\t\t\t\t\t\t\t\t\t<\/a>\n\t\t\t\t\t\t\t<a class=\"e-gallery-item elementor-gallery-item elementor-animated-content\" href=\"https:\/\/www.tarbut.edu.ar\/cms\/wp-content\/uploads\/2023\/07\/20230713_110353-scaled.jpg\" data-elementor-open-lightbox=\"yes\" data-elementor-lightbox-slideshow=\"682b7d9e\" data-elementor-lightbox-title=\"20230713_110353\" data-e-action-hash=\"#elementor-action%3Aaction%3Dlightbox%26settings%3DeyJpZCI6NDY4NSwidXJsIjoiaHR0cHM6XC9cL3d3dy50YXJidXQuZWR1LmFyXC9jbXNcL3dwLWNvbnRlbnRcL3VwbG9hZHNcLzIwMjNcLzA3XC8yMDIzMDcxM18xMTAzNTMtc2NhbGVkLmpwZyIsInNsaWRlc2hvdyI6IjY4MmI3ZDllIn0%3D\">\n\t\t\t\t\t<div class=\"e-gallery-image elementor-gallery-item__image\" data-thumbnail=\"https:\/\/www.tarbut.edu.ar\/cms\/wp-content\/uploads\/2023\/07\/20230713_110353-scaled.jpg\" data-width=\"1920\" data-height=\"2560\" aria-label=\"\" role=\"img\" ><\/div>\n\t\t\t\t\t\t\t\t\t\t\t<div class=\"elementor-gallery-item__overlay\"><\/div>\n\t\t\t\t\t\t\t\t\t\t\t\t\t\t<\/a>\n\t\t\t\t\t\t\t<a class=\"e-gallery-item elementor-gallery-item elementor-animated-content\" href=\"https:\/\/www.tarbut.edu.ar\/cms\/wp-content\/uploads\/2023\/07\/Imagen-de-WhatsApp-2023-06-29-a-las-13.18.59-2.jpg\" data-elementor-open-lightbox=\"yes\" data-elementor-lightbox-slideshow=\"682b7d9e\" data-elementor-lightbox-title=\"Imagen de WhatsApp 2023-06-29 a las 13.18.59 (2)\" data-e-action-hash=\"#elementor-action%3Aaction%3Dlightbox%26settings%3DeyJpZCI6NDY4NiwidXJsIjoiaHR0cHM6XC9cL3d3dy50YXJidXQuZWR1LmFyXC9jbXNcL3dwLWNvbnRlbnRcL3VwbG9hZHNcLzIwMjNcLzA3XC9JbWFnZW4tZGUtV2hhdHNBcHAtMjAyMy0wNi0yOS1hLWxhcy0xMy4xOC41OS0yLmpwZyIsInNsaWRlc2hvdyI6IjY4MmI3ZDllIn0%3D\">\n\t\t\t\t\t<div class=\"e-gallery-image elementor-gallery-item__image\" data-thumbnail=\"https:\/\/www.tarbut.edu.ar\/cms\/wp-content\/uploads\/2023\/07\/Imagen-de-WhatsApp-2023-06-29-a-las-13.18.59-2.jpg\" data-width=\"777\" data-height=\"1600\" aria-label=\"\" role=\"img\" ><\/div>\n\t\t\t\t\t\t\t\t\t\t\t<div class=\"elementor-gallery-item__overlay\"><\/div>\n\t\t\t\t\t\t\t\t\t\t\t\t\t\t<\/a>\n\t\t\t\t\t\t\t<a class=\"e-gallery-item elementor-gallery-item elementor-animated-content\" href=\"https:\/\/www.tarbut.edu.ar\/cms\/wp-content\/uploads\/2023\/07\/PHOTO-2023-06-27-12-27-44.jpg\" data-elementor-open-lightbox=\"yes\" data-elementor-lightbox-slideshow=\"682b7d9e\" data-elementor-lightbox-title=\"PHOTO-2023-06-27-12-27-44\" data-e-action-hash=\"#elementor-action%3Aaction%3Dlightbox%26settings%3DeyJpZCI6NDcxMiwidXJsIjoiaHR0cHM6XC9cL3d3dy50YXJidXQuZWR1LmFyXC9jbXNcL3dwLWNvbnRlbnRcL3VwbG9hZHNcLzIwMjNcLzA3XC9QSE9UTy0yMDIzLTA2LTI3LTEyLTI3LTQ0LmpwZyIsInNsaWRlc2hvdyI6IjY4MmI3ZDllIn0%3D\">\n\t\t\t\t\t<div class=\"e-gallery-image elementor-gallery-item__image\" data-thumbnail=\"https:\/\/www.tarbut.edu.ar\/cms\/wp-content\/uploads\/2023\/07\/PHOTO-2023-06-27-12-27-44.jpg\" data-width=\"1500\" data-height=\"1500\" aria-label=\"\" role=\"img\" ><\/div>\n\t\t\t\t\t\t\t\t\t\t\t<div class=\"elementor-gallery-item__overlay\"><\/div>\n\t\t\t\t\t\t\t\t\t\t\t\t\t\t<\/a>\n\t\t\t\t\t\t\t<a class=\"e-gallery-item elementor-gallery-item elementor-animated-content\" href=\"https:\/\/www.tarbut.edu.ar\/cms\/wp-content\/uploads\/2023\/07\/IMG_0967-scaled.jpg\" data-elementor-open-lightbox=\"yes\" data-elementor-lightbox-slideshow=\"682b7d9e\" data-elementor-lightbox-title=\"IMG_0967\" data-e-action-hash=\"#elementor-action%3Aaction%3Dlightbox%26settings%3DeyJpZCI6NDY4NywidXJsIjoiaHR0cHM6XC9cL3d3dy50YXJidXQuZWR1LmFyXC9jbXNcL3dwLWNvbnRlbnRcL3VwbG9hZHNcLzIwMjNcLzA3XC9JTUdfMDk2Ny1zY2FsZWQuanBnIiwic2xpZGVzaG93IjoiNjgyYjdkOWUifQ%3D%3D\">\n\t\t\t\t\t<div class=\"e-gallery-image elementor-gallery-item__image\" data-thumbnail=\"https:\/\/www.tarbut.edu.ar\/cms\/wp-content\/uploads\/2023\/07\/IMG_0967-scaled.jpg\" data-width=\"1920\" data-height=\"2560\" aria-label=\"\" role=\"img\" ><\/div>\n\t\t\t\t\t\t\t\t\t\t\t<div class=\"elementor-gallery-item__overlay\"><\/div>\n\t\t\t\t\t\t\t\t\t\t\t\t\t\t<\/a>\n\t\t\t\t\t\t\t<a class=\"e-gallery-item elementor-gallery-item elementor-animated-content\" href=\"https:\/\/www.tarbut.edu.ar\/cms\/wp-content\/uploads\/2023\/07\/PHOTO-2023-06-27-12-27-40.jpg\" data-elementor-open-lightbox=\"yes\" data-elementor-lightbox-slideshow=\"682b7d9e\" data-elementor-lightbox-title=\"PHOTO-2023-06-27-12-27-40\" data-e-action-hash=\"#elementor-action%3Aaction%3Dlightbox%26settings%3DeyJpZCI6NDcxMywidXJsIjoiaHR0cHM6XC9cL3d3dy50YXJidXQuZWR1LmFyXC9jbXNcL3dwLWNvbnRlbnRcL3VwbG9hZHNcLzIwMjNcLzA3XC9QSE9UTy0yMDIzLTA2LTI3LTEyLTI3LTQwLmpwZyIsInNsaWRlc2hvdyI6IjY4MmI3ZDllIn0%3D\">\n\t\t\t\t\t<div class=\"e-gallery-image elementor-gallery-item__image\" data-thumbnail=\"https:\/\/www.tarbut.edu.ar\/cms\/wp-content\/uploads\/2023\/07\/PHOTO-2023-06-27-12-27-40.jpg\" data-width=\"1500\" data-height=\"1500\" aria-label=\"\" role=\"img\" ><\/div>\n\t\t\t\t\t\t\t\t\t\t\t<div class=\"elementor-gallery-item__overlay\"><\/div>\n\t\t\t\t\t\t\t\t\t\t\t\t\t\t<\/a>\n\t\t\t\t\t<\/div>\n\t\t\t\t\t<\/div>\n\t\t\t\t<\/div>\n\t\t\t\t\t<\/div>\n\t\t<\/div>\n\t\t\t\t\t<\/div>\n\t\t<\/section>\n\t\t\t\t<section class=\"elementor-section elementor-top-section elementor-element elementor-element-1bb18b9 elementor-section-boxed elementor-section-height-default elementor-section-height-default\" data-id=\"1bb18b9\" data-element_type=\"section\" data-e-type=\"section\">\n\t\t\t\t\t\t<div class=\"elementor-container elementor-column-gap-default\">\n\t\t\t\t\t<div class=\"elementor-column elementor-col-100 elementor-top-column elementor-element elementor-element-2db76b80\" data-id=\"2db76b80\" data-element_type=\"column\" data-e-type=\"column\">\n\t\t\t<div class=\"elementor-widget-wrap elementor-element-populated\">\n\t\t\t\t\t\t<section class=\"elementor-section elementor-inner-section elementor-element elementor-element-391c06c4 elementor-section-boxed elementor-section-height-default elementor-section-height-default\" data-id=\"391c06c4\" data-element_type=\"section\" data-e-type=\"section\">\n\t\t\t\t\t\t<div class=\"elementor-container elementor-column-gap-default\">\n\t\t\t\t\t<div class=\"elementor-column elementor-col-50 elementor-inner-column elementor-element elementor-element-78afb8b6\" data-id=\"78afb8b6\" data-element_type=\"column\" data-e-type=\"column\">\n\t\t\t<div class=\"elementor-widget-wrap\">\n\t\t\t\t\t\t\t<\/div>\n\t\t<\/div>\n\t\t\t\t<div class=\"elementor-column elementor-col-50 elementor-inner-column elementor-element elementor-element-5692484d\" data-id=\"5692484d\" data-element_type=\"column\" data-e-type=\"column\">\n\t\t\t<div class=\"elementor-widget-wrap\">\n\t\t\t\t\t\t\t<\/div>\n\t\t<\/div>\n\t\t\t\t\t<\/div>\n\t\t<\/section>\n\t\t\t\t\t<\/div>\n\t\t<\/div>\n\t\t\t\t\t<\/div>\n\t\t<\/section>\n\t\t\t\t<\/div>\n\t\t","protected":false},"excerpt":{"rendered":"<p>Innovaci\u00f3n tecnol\u00f3gica Preparamos a chicas y chicos para un futuro que desconocemos: por eso nuestro foco est\u00e1 puesto en estimular habilidades tales como la curiosidad, el trabajo colaborativo, la resoluci\u00f3n de problemas, la creatividad, el pensamiento cr\u00edtico, la comunicaci\u00f3n efectiva, la flexibilidad y la innovaci\u00f3n. De esta manera, utilizamos la tecnolog\u00eda para habilitar nuevas dimensiones [&hellip;]<\/p>\n","protected":false},"author":1504,"featured_media":0,"parent":0,"menu_order":0,"comment_status":"closed","ping_status":"closed","template":"","meta":{"footnotes":""},"class_list":["post-4633","page","type-page","status-publish","hentry"],"_links":{"self":[{"href":"https:\/\/www.tarbut.edu.ar\/cms\/wp-json\/wp\/v2\/pages\/4633","targetHints":{"allow":["GET"]}}],"collection":[{"href":"https:\/\/www.tarbut.edu.ar\/cms\/wp-json\/wp\/v2\/pages"}],"about":[{"href":"https:\/\/www.tarbut.edu.ar\/cms\/wp-json\/wp\/v2\/types\/page"}],"author":[{"embeddable":true,"href":"https:\/\/www.tarbut.edu.ar\/cms\/wp-json\/wp\/v2\/users\/1504"}],"replies":[{"embeddable":true,"href":"https:\/\/www.tarbut.edu.ar\/cms\/wp-json\/wp\/v2\/comments?post=4633"}],"version-history":[{"count":16,"href":"https:\/\/www.tarbut.edu.ar\/cms\/wp-json\/wp\/v2\/pages\/4633\/revisions"}],"predecessor-version":[{"id":7210,"href":"https:\/\/www.tarbut.edu.ar\/cms\/wp-json\/wp\/v2\/pages\/4633\/revisions\/7210"}],"wp:attachment":[{"href":"https:\/\/www.tarbut.edu.ar\/cms\/wp-json\/wp\/v2\/media?parent=4633"}],"curies":[{"name":"wp","href":"https:\/\/api.w.org\/{rel}","templated":true}]}}