{"id":4384,"date":"2023-05-12T12:19:17","date_gmt":"2023-05-12T15:19:17","guid":{"rendered":"https:\/\/www.tarbut.edu.ar\/cms\/?page_id=4384"},"modified":"2026-03-27T10:15:09","modified_gmt":"2026-03-27T13:15:09","slug":"elementor-4384","status":"publish","type":"page","link":"https:\/\/www.tarbut.edu.ar\/cms\/elementor-4384\/","title":{"rendered":"Prof. Deborah Rosenberg"},"content":{"rendered":"\t\t<div data-elementor-type=\"wp-page\" data-elementor-id=\"4384\" class=\"elementor elementor-4384\" data-elementor-post-type=\"page\">\n\t\t\t\t\t\t<section class=\"elementor-section elementor-top-section elementor-element elementor-element-6f7e334 elementor-section-boxed elementor-section-height-default elementor-section-height-default\" data-id=\"6f7e334\" data-element_type=\"section\" data-e-type=\"section\">\n\t\t\t\t\t\t<div class=\"elementor-container elementor-column-gap-default\">\n\t\t\t\t\t<div class=\"elementor-column elementor-col-100 elementor-top-column elementor-element elementor-element-40f710ec\" data-id=\"40f710ec\" data-element_type=\"column\" data-e-type=\"column\">\n\t\t\t<div class=\"elementor-widget-wrap elementor-element-populated\">\n\t\t\t\t\t\t\t<\/div>\n\t\t<\/div>\n\t\t\t\t\t<\/div>\n\t\t<\/section>\n\t\t\t\t<section class=\"elementor-section elementor-top-section elementor-element elementor-element-41971f37 elementor-section-boxed elementor-section-height-default elementor-section-height-default\" data-id=\"41971f37\" data-element_type=\"section\" data-e-type=\"section\">\n\t\t\t\t\t\t<div class=\"elementor-container elementor-column-gap-default\">\n\t\t\t\t\t<div class=\"elementor-column elementor-col-50 elementor-top-column elementor-element elementor-element-6672512\" data-id=\"6672512\" data-element_type=\"column\" data-e-type=\"column\">\n\t\t\t<div class=\"elementor-widget-wrap elementor-element-populated\">\n\t\t\t\t\t\t<div class=\"elementor-element elementor-element-701913c1 elementor-widget elementor-widget-image\" data-id=\"701913c1\" data-element_type=\"widget\" data-e-type=\"widget\" data-widget_type=\"image.default\">\n\t\t\t\t<div class=\"elementor-widget-container\">\n\t\t\t\t\t\t\t\t\t\t\t\t\t\t\t<img fetchpriority=\"high\" decoding=\"async\" width=\"714\" height=\"721\" src=\"https:\/\/www.tarbut.edu.ar\/cms\/wp-content\/uploads\/2024\/02\/Staff-web_deborah.png\" class=\"attachment-large size-large wp-image-6329\" alt=\"Deborah Rosenberg\" srcset=\"https:\/\/www.tarbut.edu.ar\/cms\/wp-content\/uploads\/2024\/02\/Staff-web_deborah.png 714w, https:\/\/www.tarbut.edu.ar\/cms\/wp-content\/uploads\/2024\/02\/Staff-web_deborah-297x300.png 297w, https:\/\/www.tarbut.edu.ar\/cms\/wp-content\/uploads\/2024\/02\/Staff-web_deborah-150x150.png 150w\" sizes=\"(max-width: 714px) 100vw, 714px\" \/>\t\t\t\t\t\t\t\t\t\t\t\t\t\t\t<\/div>\n\t\t\t\t<\/div>\n\t\t\t\t\t<\/div>\n\t\t<\/div>\n\t\t\t\t<div class=\"elementor-column elementor-col-50 elementor-top-column elementor-element elementor-element-232b4271\" data-id=\"232b4271\" data-element_type=\"column\" data-e-type=\"column\">\n\t\t\t<div class=\"elementor-widget-wrap elementor-element-populated\">\n\t\t\t\t\t\t<div class=\"elementor-element elementor-element-2f330db7 elementor-widget elementor-widget-spacer\" data-id=\"2f330db7\" data-element_type=\"widget\" data-e-type=\"widget\" data-widget_type=\"spacer.default\">\n\t\t\t\t<div class=\"elementor-widget-container\">\n\t\t\t\t\t\t\t<div class=\"elementor-spacer\">\n\t\t\t<div class=\"elementor-spacer-inner\"><\/div>\n\t\t<\/div>\n\t\t\t\t\t\t<\/div>\n\t\t\t\t<\/div>\n\t\t\t\t<div class=\"elementor-element elementor-element-30cb71fb elementor-widget elementor-widget-heading\" data-id=\"30cb71fb\" data-element_type=\"widget\" data-e-type=\"widget\" data-widget_type=\"heading.default\">\n\t\t\t\t<div class=\"elementor-widget-container\">\n\t\t\t\t\t<h2 class=\"elementor-heading-title elementor-size-default\">Prof. Deborah Rosenberg<\/h2>\t\t\t\t<\/div>\n\t\t\t\t<\/div>\n\t\t\t\t<div class=\"elementor-element elementor-element-22419bf7 elementor-widget elementor-widget-heading\" data-id=\"22419bf7\" data-element_type=\"widget\" data-e-type=\"widget\" data-widget_type=\"heading.default\">\n\t\t\t\t<div class=\"elementor-widget-container\">\n\t\t\t\t\t<h5 class=\"elementor-heading-title elementor-size-default\">Directora - Estudios Judaicos<\/h5>\t\t\t\t<\/div>\n\t\t\t\t<\/div>\n\t\t\t\t<div class=\"elementor-element elementor-element-70e279a0 elementor-widget elementor-widget-text-editor\" data-id=\"70e279a0\" data-element_type=\"widget\" data-e-type=\"widget\" data-widget_type=\"text-editor.default\">\n\t\t\t\t<div class=\"elementor-widget-container\">\n\t\t\t\t\t\t\t\t\t<p>Deborah Rosenberg es Profesora de Estudios Judaicos (Mijlelet Shazar, Vaad HaJinuj) y Profesora de Filosof\u00eda de la Facultad de Filosof\u00eda y Letras (UBA). Recibi\u00f3 su ordenaci\u00f3n rab\u00ednica en el Seminario Rab\u00ednico Latinoamericano Marshall T. Meyer.\u00a0<\/p><p>Se desempe\u00f1\u00f3 como docente de Estudios Judaicos en el \u00e1rea formal y no formal, y como docente de Ciencias Sociales y Lengua en diferentes comunidades y escuelas de CABA. Actualmente, dirige el \u00c1rea de Educaci\u00f3n en la Comunidad Lamroth Hakol.<\/p>\t\t\t\t\t\t\t\t<\/div>\n\t\t\t\t<\/div>\n\t\t\t\t\t<\/div>\n\t\t<\/div>\n\t\t\t\t\t<\/div>\n\t\t<\/section>\n\t\t\t\t<section class=\"elementor-section elementor-top-section elementor-element elementor-element-7da2e90f elementor-section-boxed elementor-section-height-default elementor-section-height-default\" data-id=\"7da2e90f\" data-element_type=\"section\" data-e-type=\"section\">\n\t\t\t\t\t\t<div class=\"elementor-container elementor-column-gap-default\">\n\t\t\t\t\t<div class=\"elementor-column elementor-col-100 elementor-top-column elementor-element elementor-element-35cd0ced\" data-id=\"35cd0ced\" data-element_type=\"column\" data-e-type=\"column\">\n\t\t\t<div class=\"elementor-widget-wrap elementor-element-populated\">\n\t\t\t\t\t\t<div class=\"elementor-element elementor-element-d0bc7ce elementor-widget elementor-widget-spacer\" data-id=\"d0bc7ce\" data-element_type=\"widget\" data-e-type=\"widget\" data-widget_type=\"spacer.default\">\n\t\t\t\t<div class=\"elementor-widget-container\">\n\t\t\t\t\t\t\t<div class=\"elementor-spacer\">\n\t\t\t<div class=\"elementor-spacer-inner\"><\/div>\n\t\t<\/div>\n\t\t\t\t\t\t<\/div>\n\t\t\t\t<\/div>\n\t\t\t\t\t<\/div>\n\t\t<\/div>\n\t\t\t\t\t<\/div>\n\t\t<\/section>\n\t\t\t\t<\/div>\n\t\t","protected":false},"excerpt":{"rendered":"<p>Prof. Deborah Rosenberg Directora &#8211; Estudios Judaicos Deborah Rosenberg es Profesora de Estudios Judaicos (Mijlelet Shazar, Vaad HaJinuj) y Profesora de Filosof\u00eda de la Facultad de Filosof\u00eda y Letras (UBA). Recibi\u00f3 su ordenaci\u00f3n rab\u00ednica en el Seminario Rab\u00ednico Latinoamericano Marshall T. Meyer.\u00a0 Se desempe\u00f1\u00f3 como docente de Estudios Judaicos en el \u00e1rea formal y no [&hellip;]<\/p>\n","protected":false},"author":1504,"featured_media":0,"parent":0,"menu_order":0,"comment_status":"closed","ping_status":"closed","template":"","meta":{"footnotes":""},"class_list":["post-4384","page","type-page","status-publish","hentry"],"_links":{"self":[{"href":"https:\/\/www.tarbut.edu.ar\/cms\/wp-json\/wp\/v2\/pages\/4384","targetHints":{"allow":["GET"]}}],"collection":[{"href":"https:\/\/www.tarbut.edu.ar\/cms\/wp-json\/wp\/v2\/pages"}],"about":[{"href":"https:\/\/www.tarbut.edu.ar\/cms\/wp-json\/wp\/v2\/types\/page"}],"author":[{"embeddable":true,"href":"https:\/\/www.tarbut.edu.ar\/cms\/wp-json\/wp\/v2\/users\/1504"}],"replies":[{"embeddable":true,"href":"https:\/\/www.tarbut.edu.ar\/cms\/wp-json\/wp\/v2\/comments?post=4384"}],"version-history":[{"count":24,"href":"https:\/\/www.tarbut.edu.ar\/cms\/wp-json\/wp\/v2\/pages\/4384\/revisions"}],"predecessor-version":[{"id":7837,"href":"https:\/\/www.tarbut.edu.ar\/cms\/wp-json\/wp\/v2\/pages\/4384\/revisions\/7837"}],"wp:attachment":[{"href":"https:\/\/www.tarbut.edu.ar\/cms\/wp-json\/wp\/v2\/media?parent=4384"}],"curies":[{"name":"wp","href":"https:\/\/api.w.org\/{rel}","templated":true}]}}