{"id":4327,"date":"2023-05-12T12:00:28","date_gmt":"2023-05-12T15:00:28","guid":{"rendered":"https:\/\/www.tarbut.edu.ar\/cms\/?page_id=4327"},"modified":"2023-05-31T11:15:17","modified_gmt":"2023-05-31T14:15:17","slug":"elementor-4327","status":"publish","type":"page","link":"https:\/\/www.tarbut.edu.ar\/cms\/elementor-4327\/","title":{"rendered":"Prof. Ver\u00f3nica Kovacic"},"content":{"rendered":"\t\t<div data-elementor-type=\"wp-page\" data-elementor-id=\"4327\" class=\"elementor elementor-4327\" data-elementor-post-type=\"page\">\n\t\t\t\t\t\t<section class=\"elementor-section elementor-top-section elementor-element elementor-element-13f0e876 elementor-section-boxed elementor-section-height-default elementor-section-height-default\" data-id=\"13f0e876\" data-element_type=\"section\" data-e-type=\"section\">\n\t\t\t\t\t\t<div class=\"elementor-container elementor-column-gap-default\">\n\t\t\t\t\t<div class=\"elementor-column elementor-col-100 elementor-top-column elementor-element elementor-element-612ade0a\" data-id=\"612ade0a\" data-element_type=\"column\" data-e-type=\"column\">\n\t\t\t<div class=\"elementor-widget-wrap elementor-element-populated\">\n\t\t\t\t\t\t\t<\/div>\n\t\t<\/div>\n\t\t\t\t\t<\/div>\n\t\t<\/section>\n\t\t\t\t<section class=\"elementor-section elementor-top-section elementor-element elementor-element-7e4545bc elementor-section-boxed elementor-section-height-default elementor-section-height-default\" data-id=\"7e4545bc\" data-element_type=\"section\" data-e-type=\"section\">\n\t\t\t\t\t\t<div class=\"elementor-container elementor-column-gap-default\">\n\t\t\t\t\t<div class=\"elementor-column elementor-col-50 elementor-top-column elementor-element elementor-element-6e447c48\" data-id=\"6e447c48\" data-element_type=\"column\" data-e-type=\"column\">\n\t\t\t<div class=\"elementor-widget-wrap elementor-element-populated\">\n\t\t\t\t\t\t<div class=\"elementor-element elementor-element-a4aa5e9 elementor-widget elementor-widget-image\" data-id=\"a4aa5e9\" data-element_type=\"widget\" data-e-type=\"widget\" data-widget_type=\"image.default\">\n\t\t\t\t<div class=\"elementor-widget-container\">\n\t\t\t\t\t\t\t\t\t\t\t\t\t\t\t<img fetchpriority=\"high\" decoding=\"async\" width=\"714\" height=\"720\" src=\"https:\/\/www.tarbut.edu.ar\/cms\/wp-content\/uploads\/2023\/05\/Staff-web_Mesa-de-trabajo-1.png\" class=\"attachment-large size-large wp-image-4404\" alt=\"\" srcset=\"https:\/\/www.tarbut.edu.ar\/cms\/wp-content\/uploads\/2023\/05\/Staff-web_Mesa-de-trabajo-1.png 714w, https:\/\/www.tarbut.edu.ar\/cms\/wp-content\/uploads\/2023\/05\/Staff-web_Mesa-de-trabajo-1-298x300.png 298w, https:\/\/www.tarbut.edu.ar\/cms\/wp-content\/uploads\/2023\/05\/Staff-web_Mesa-de-trabajo-1-150x150.png 150w\" sizes=\"(max-width: 714px) 100vw, 714px\" \/>\t\t\t\t\t\t\t\t\t\t\t\t\t\t\t<\/div>\n\t\t\t\t<\/div>\n\t\t\t\t\t<\/div>\n\t\t<\/div>\n\t\t\t\t<div class=\"elementor-column elementor-col-50 elementor-top-column elementor-element elementor-element-2d0f1726\" data-id=\"2d0f1726\" data-element_type=\"column\" data-e-type=\"column\">\n\t\t\t<div class=\"elementor-widget-wrap elementor-element-populated\">\n\t\t\t\t\t\t<div class=\"elementor-element elementor-element-20abcfd1 elementor-widget elementor-widget-spacer\" data-id=\"20abcfd1\" data-element_type=\"widget\" data-e-type=\"widget\" data-widget_type=\"spacer.default\">\n\t\t\t\t<div class=\"elementor-widget-container\">\n\t\t\t\t\t\t\t<div class=\"elementor-spacer\">\n\t\t\t<div class=\"elementor-spacer-inner\"><\/div>\n\t\t<\/div>\n\t\t\t\t\t\t<\/div>\n\t\t\t\t<\/div>\n\t\t\t\t<div class=\"elementor-element elementor-element-561b2222 elementor-widget elementor-widget-heading\" data-id=\"561b2222\" data-element_type=\"widget\" data-e-type=\"widget\" data-widget_type=\"heading.default\">\n\t\t\t\t<div class=\"elementor-widget-container\">\n\t\t\t\t\t<h2 class=\"elementor-heading-title elementor-size-default\">Prof. Ver\u00f3nica Kovacic<\/h2>\t\t\t\t<\/div>\n\t\t\t\t<\/div>\n\t\t\t\t<div class=\"elementor-element elementor-element-7d785d71 elementor-widget elementor-widget-heading\" data-id=\"7d785d71\" data-element_type=\"widget\" data-e-type=\"widget\" data-widget_type=\"heading.default\">\n\t\t\t\t<div class=\"elementor-widget-container\">\n\t\t\t\t\t<h5 class=\"elementor-heading-title elementor-size-default\">Vicerrectora - Nivel Secundario<\/h5>\t\t\t\t<\/div>\n\t\t\t\t<\/div>\n\t\t\t\t<div class=\"elementor-element elementor-element-21f35ef1 elementor-widget elementor-widget-text-editor\" data-id=\"21f35ef1\" data-element_type=\"widget\" data-e-type=\"widget\" data-widget_type=\"text-editor.default\">\n\t\t\t\t<div class=\"elementor-widget-container\">\n\t\t\t\t\t\t\t\t\t<p><span style=\"font-weight: 400;\">Ver\u00f3nica es Profesora de Historia (UBA), Especialista en Educaci\u00f3n, Lenguaje y Medios (UNSAM), est\u00e1 diplomada en Transformaci\u00f3n y Liderazgo Educativo (Universidad Siglo21) y es desarrolladora de contenidos y e<\/span><span style=\"font-weight: 400;\">specialista en capacitaci\u00f3n docente en el tema de Holocausto y otros procesos Genocidas (BAM\u00c1). Ex becaria de la Escuela Internacional para el Estudio del Holocausto, Memorial de la Shoah de Par\u00eds y Museo del Holocausto de Hosuton.<\/span><\/p><p><span style=\"font-weight: 400;\">Es autora de<\/span> <i><span style=\"font-weight: 400;\">Conocer, comprender y recordar. Recursos para ense\u00f1ar el Holocausto-Sho\u00e1 y otros procesos genocidas<\/span><\/i><span style=\"font-weight: 400;\">.<\/span> <span style=\"font-weight: 400;\">Prometeo; Buenos Aires (2017). Tambi\u00e9n es profesora adjunta de la materia &#8220;Los derechos del ni\u00f1o frente al Holocausto&#8221; (Derecho &#8211; UBA).<\/span><\/p><p><span style=\"font-weight: 400;\">Es la vicerrectora del Nivel Secundario y anteriormente se desarroll\u00f3 como coordinadora, jefa de departamento de Ciencias Sociales y profesora de Historia y Sho\u00e1 en Tarbut.<\/span><\/p>\t\t\t\t\t\t\t\t<\/div>\n\t\t\t\t<\/div>\n\t\t\t\t\t<\/div>\n\t\t<\/div>\n\t\t\t\t\t<\/div>\n\t\t<\/section>\n\t\t\t\t<section class=\"elementor-section elementor-top-section elementor-element elementor-element-4559e874 elementor-section-boxed elementor-section-height-default elementor-section-height-default\" data-id=\"4559e874\" data-element_type=\"section\" data-e-type=\"section\">\n\t\t\t\t\t\t<div class=\"elementor-container elementor-column-gap-default\">\n\t\t\t\t\t<div class=\"elementor-column elementor-col-100 elementor-top-column elementor-element elementor-element-1a993de2\" data-id=\"1a993de2\" data-element_type=\"column\" data-e-type=\"column\">\n\t\t\t<div class=\"elementor-widget-wrap elementor-element-populated\">\n\t\t\t\t\t\t<div class=\"elementor-element elementor-element-8ab34c0 elementor-widget elementor-widget-spacer\" data-id=\"8ab34c0\" data-element_type=\"widget\" data-e-type=\"widget\" data-widget_type=\"spacer.default\">\n\t\t\t\t<div class=\"elementor-widget-container\">\n\t\t\t\t\t\t\t<div class=\"elementor-spacer\">\n\t\t\t<div class=\"elementor-spacer-inner\"><\/div>\n\t\t<\/div>\n\t\t\t\t\t\t<\/div>\n\t\t\t\t<\/div>\n\t\t\t\t\t<\/div>\n\t\t<\/div>\n\t\t\t\t\t<\/div>\n\t\t<\/section>\n\t\t\t\t<\/div>\n\t\t","protected":false},"excerpt":{"rendered":"<p>Prof. Ver\u00f3nica Kovacic Vicerrectora &#8211; Nivel Secundario Ver\u00f3nica es Profesora de Historia (UBA), Especialista en Educaci\u00f3n, Lenguaje y Medios (UNSAM), est\u00e1 diplomada en Transformaci\u00f3n y Liderazgo Educativo (Universidad Siglo21) y es desarrolladora de contenidos y especialista en capacitaci\u00f3n docente en el tema de Holocausto y otros procesos Genocidas (BAM\u00c1). Ex becaria de la Escuela Internacional [&hellip;]<\/p>\n","protected":false},"author":1504,"featured_media":0,"parent":0,"menu_order":0,"comment_status":"closed","ping_status":"closed","template":"","meta":{"footnotes":""},"class_list":["post-4327","page","type-page","status-publish","hentry"],"_links":{"self":[{"href":"https:\/\/www.tarbut.edu.ar\/cms\/wp-json\/wp\/v2\/pages\/4327","targetHints":{"allow":["GET"]}}],"collection":[{"href":"https:\/\/www.tarbut.edu.ar\/cms\/wp-json\/wp\/v2\/pages"}],"about":[{"href":"https:\/\/www.tarbut.edu.ar\/cms\/wp-json\/wp\/v2\/types\/page"}],"author":[{"embeddable":true,"href":"https:\/\/www.tarbut.edu.ar\/cms\/wp-json\/wp\/v2\/users\/1504"}],"replies":[{"embeddable":true,"href":"https:\/\/www.tarbut.edu.ar\/cms\/wp-json\/wp\/v2\/comments?post=4327"}],"version-history":[{"count":14,"href":"https:\/\/www.tarbut.edu.ar\/cms\/wp-json\/wp\/v2\/pages\/4327\/revisions"}],"predecessor-version":[{"id":4610,"href":"https:\/\/www.tarbut.edu.ar\/cms\/wp-json\/wp\/v2\/pages\/4327\/revisions\/4610"}],"wp:attachment":[{"href":"https:\/\/www.tarbut.edu.ar\/cms\/wp-json\/wp\/v2\/media?parent=4327"}],"curies":[{"name":"wp","href":"https:\/\/api.w.org\/{rel}","templated":true}]}}