{"id":4321,"date":"2023-05-12T11:54:25","date_gmt":"2023-05-12T14:54:25","guid":{"rendered":"https:\/\/www.tarbut.edu.ar\/cms\/?page_id=4321"},"modified":"2023-05-31T11:08:00","modified_gmt":"2023-05-31T14:08:00","slug":"elementor-4321","status":"publish","type":"page","link":"https:\/\/www.tarbut.edu.ar\/cms\/elementor-4321\/","title":{"rendered":"Lic. Elisa Le\u00f3n"},"content":{"rendered":"\t\t<div data-elementor-type=\"wp-page\" data-elementor-id=\"4321\" class=\"elementor elementor-4321\" data-elementor-post-type=\"page\">\n\t\t\t\t\t\t<section class=\"elementor-section elementor-top-section elementor-element elementor-element-d8f9eff elementor-section-boxed elementor-section-height-default elementor-section-height-default\" data-id=\"d8f9eff\" data-element_type=\"section\" data-e-type=\"section\">\n\t\t\t\t\t\t<div class=\"elementor-container elementor-column-gap-default\">\n\t\t\t\t\t<div class=\"elementor-column elementor-col-100 elementor-top-column elementor-element elementor-element-6f82d9ce\" data-id=\"6f82d9ce\" data-element_type=\"column\" data-e-type=\"column\">\n\t\t\t<div class=\"elementor-widget-wrap elementor-element-populated\">\n\t\t\t\t\t\t\t<\/div>\n\t\t<\/div>\n\t\t\t\t\t<\/div>\n\t\t<\/section>\n\t\t\t\t<section class=\"elementor-section elementor-top-section elementor-element elementor-element-1d524550 elementor-section-boxed elementor-section-height-default elementor-section-height-default\" data-id=\"1d524550\" data-element_type=\"section\" data-e-type=\"section\">\n\t\t\t\t\t\t<div class=\"elementor-container elementor-column-gap-default\">\n\t\t\t\t\t<div class=\"elementor-column elementor-col-50 elementor-top-column elementor-element elementor-element-6a2e116c\" data-id=\"6a2e116c\" data-element_type=\"column\" data-e-type=\"column\">\n\t\t\t<div class=\"elementor-widget-wrap elementor-element-populated\">\n\t\t\t\t\t\t<div class=\"elementor-element elementor-element-3bd02bd3 elementor-widget elementor-widget-image\" data-id=\"3bd02bd3\" data-element_type=\"widget\" data-e-type=\"widget\" data-widget_type=\"image.default\">\n\t\t\t\t<div class=\"elementor-widget-container\">\n\t\t\t\t\t\t\t\t\t\t\t\t\t\t\t<img fetchpriority=\"high\" decoding=\"async\" width=\"714\" height=\"720\" src=\"https:\/\/www.tarbut.edu.ar\/cms\/wp-content\/uploads\/2023\/05\/Staff-web_Mesa-de-trabajo-1-copia-8.png\" class=\"attachment-large size-large wp-image-4401\" alt=\"\" srcset=\"https:\/\/www.tarbut.edu.ar\/cms\/wp-content\/uploads\/2023\/05\/Staff-web_Mesa-de-trabajo-1-copia-8.png 714w, https:\/\/www.tarbut.edu.ar\/cms\/wp-content\/uploads\/2023\/05\/Staff-web_Mesa-de-trabajo-1-copia-8-298x300.png 298w, https:\/\/www.tarbut.edu.ar\/cms\/wp-content\/uploads\/2023\/05\/Staff-web_Mesa-de-trabajo-1-copia-8-150x150.png 150w\" sizes=\"(max-width: 714px) 100vw, 714px\" \/>\t\t\t\t\t\t\t\t\t\t\t\t\t\t\t<\/div>\n\t\t\t\t<\/div>\n\t\t\t\t\t<\/div>\n\t\t<\/div>\n\t\t\t\t<div class=\"elementor-column elementor-col-50 elementor-top-column elementor-element elementor-element-37993620\" data-id=\"37993620\" data-element_type=\"column\" data-e-type=\"column\">\n\t\t\t<div class=\"elementor-widget-wrap elementor-element-populated\">\n\t\t\t\t\t\t<div class=\"elementor-element elementor-element-2499758a elementor-widget elementor-widget-spacer\" data-id=\"2499758a\" data-element_type=\"widget\" data-e-type=\"widget\" data-widget_type=\"spacer.default\">\n\t\t\t\t<div class=\"elementor-widget-container\">\n\t\t\t\t\t\t\t<div class=\"elementor-spacer\">\n\t\t\t<div class=\"elementor-spacer-inner\"><\/div>\n\t\t<\/div>\n\t\t\t\t\t\t<\/div>\n\t\t\t\t<\/div>\n\t\t\t\t<div class=\"elementor-element elementor-element-1e9ed45d elementor-widget elementor-widget-heading\" data-id=\"1e9ed45d\" data-element_type=\"widget\" data-e-type=\"widget\" data-widget_type=\"heading.default\">\n\t\t\t\t<div class=\"elementor-widget-container\">\n\t\t\t\t\t<h2 class=\"elementor-heading-title elementor-size-default\">Lic. Elisa Leon<\/h2>\t\t\t\t<\/div>\n\t\t\t\t<\/div>\n\t\t\t\t<div class=\"elementor-element elementor-element-542fd36a elementor-widget elementor-widget-heading\" data-id=\"542fd36a\" data-element_type=\"widget\" data-e-type=\"widget\" data-widget_type=\"heading.default\">\n\t\t\t\t<div class=\"elementor-widget-container\">\n\t\t\t\t\t<h5 class=\"elementor-heading-title elementor-size-default\">Rectora - Nivel Secundario<\/h5>\t\t\t\t<\/div>\n\t\t\t\t<\/div>\n\t\t\t\t<div class=\"elementor-element elementor-element-773ada37 elementor-widget elementor-widget-text-editor\" data-id=\"773ada37\" data-element_type=\"widget\" data-e-type=\"widget\" data-widget_type=\"text-editor.default\">\n\t\t\t\t<div class=\"elementor-widget-container\">\n\t\t\t\t\t\t\t\t\t<p><span style=\"font-weight: 400;\">Elisa es Prof. en Docencia Superior (UTN), Lic. en Psicopedagog\u00eda (UFLO) y en Gesti\u00f3n Educativa (CAECE).\u00a0<\/span><\/p><p><span style=\"font-weight: 400;\">Se desempe\u00f1\u00f3 como coordinadora y vicerrectora del Secundario de Tarbut, en los \u00faltimos a\u00f1os y tiene una destacada trayectoria en diferentes instituciones educativas a lo largo de su carrera.<\/span><\/p><p><span style=\"font-weight: 400;\">En 2023 asumi\u00f3 como rectora del Secundario Tarbut.<\/span><\/p>\t\t\t\t\t\t\t\t<\/div>\n\t\t\t\t<\/div>\n\t\t\t\t\t<\/div>\n\t\t<\/div>\n\t\t\t\t\t<\/div>\n\t\t<\/section>\n\t\t\t\t<section class=\"elementor-section elementor-top-section elementor-element elementor-element-74c9d32a elementor-section-boxed elementor-section-height-default elementor-section-height-default\" data-id=\"74c9d32a\" data-element_type=\"section\" data-e-type=\"section\">\n\t\t\t\t\t\t<div class=\"elementor-container elementor-column-gap-default\">\n\t\t\t\t\t<div class=\"elementor-column elementor-col-100 elementor-top-column elementor-element elementor-element-3847d885\" data-id=\"3847d885\" data-element_type=\"column\" data-e-type=\"column\">\n\t\t\t<div class=\"elementor-widget-wrap elementor-element-populated\">\n\t\t\t\t\t\t<div class=\"elementor-element elementor-element-974fa36 elementor-widget elementor-widget-spacer\" data-id=\"974fa36\" data-element_type=\"widget\" data-e-type=\"widget\" data-widget_type=\"spacer.default\">\n\t\t\t\t<div class=\"elementor-widget-container\">\n\t\t\t\t\t\t\t<div class=\"elementor-spacer\">\n\t\t\t<div class=\"elementor-spacer-inner\"><\/div>\n\t\t<\/div>\n\t\t\t\t\t\t<\/div>\n\t\t\t\t<\/div>\n\t\t\t\t\t<\/div>\n\t\t<\/div>\n\t\t\t\t\t<\/div>\n\t\t<\/section>\n\t\t\t\t<\/div>\n\t\t","protected":false},"excerpt":{"rendered":"<p>Lic. Elisa Leon Rectora &#8211; Nivel Secundario Elisa es Prof. en Docencia Superior (UTN), Lic. en Psicopedagog\u00eda (UFLO) y en Gesti\u00f3n Educativa (CAECE).\u00a0 Se desempe\u00f1\u00f3 como coordinadora y vicerrectora del Secundario de Tarbut, en los \u00faltimos a\u00f1os y tiene una destacada trayectoria en diferentes instituciones educativas a lo largo de su carrera. En 2023 asumi\u00f3 [&hellip;]<\/p>\n","protected":false},"author":1504,"featured_media":0,"parent":0,"menu_order":0,"comment_status":"closed","ping_status":"closed","template":"","meta":{"footnotes":""},"class_list":["post-4321","page","type-page","status-publish","hentry"],"_links":{"self":[{"href":"https:\/\/www.tarbut.edu.ar\/cms\/wp-json\/wp\/v2\/pages\/4321","targetHints":{"allow":["GET"]}}],"collection":[{"href":"https:\/\/www.tarbut.edu.ar\/cms\/wp-json\/wp\/v2\/pages"}],"about":[{"href":"https:\/\/www.tarbut.edu.ar\/cms\/wp-json\/wp\/v2\/types\/page"}],"author":[{"embeddable":true,"href":"https:\/\/www.tarbut.edu.ar\/cms\/wp-json\/wp\/v2\/users\/1504"}],"replies":[{"embeddable":true,"href":"https:\/\/www.tarbut.edu.ar\/cms\/wp-json\/wp\/v2\/comments?post=4321"}],"version-history":[{"count":20,"href":"https:\/\/www.tarbut.edu.ar\/cms\/wp-json\/wp\/v2\/pages\/4321\/revisions"}],"predecessor-version":[{"id":4595,"href":"https:\/\/www.tarbut.edu.ar\/cms\/wp-json\/wp\/v2\/pages\/4321\/revisions\/4595"}],"wp:attachment":[{"href":"https:\/\/www.tarbut.edu.ar\/cms\/wp-json\/wp\/v2\/media?parent=4321"}],"curies":[{"name":"wp","href":"https:\/\/api.w.org\/{rel}","templated":true}]}}