{"id":4283,"date":"2023-05-12T11:31:53","date_gmt":"2023-05-12T14:31:53","guid":{"rendered":"https:\/\/www.tarbut.edu.ar\/cms\/?page_id=4283"},"modified":"2023-05-31T11:14:10","modified_gmt":"2023-05-31T14:14:10","slug":"elementor-4283","status":"publish","type":"page","link":"https:\/\/www.tarbut.edu.ar\/cms\/elementor-4283\/","title":{"rendered":"Prof. Elizabeth (Tali) Aizenberg"},"content":{"rendered":"\t\t<div data-elementor-type=\"wp-page\" data-elementor-id=\"4283\" class=\"elementor elementor-4283\" data-elementor-post-type=\"page\">\n\t\t\t\t\t\t<section class=\"elementor-section elementor-top-section elementor-element elementor-element-1a774851 elementor-section-boxed elementor-section-height-default elementor-section-height-default\" data-id=\"1a774851\" data-element_type=\"section\" data-e-type=\"section\">\n\t\t\t\t\t\t<div class=\"elementor-container elementor-column-gap-default\">\n\t\t\t\t\t<div class=\"elementor-column elementor-col-100 elementor-top-column elementor-element elementor-element-3b8d64ab\" data-id=\"3b8d64ab\" data-element_type=\"column\" data-e-type=\"column\">\n\t\t\t<div class=\"elementor-widget-wrap elementor-element-populated\">\n\t\t\t\t\t\t\t<\/div>\n\t\t<\/div>\n\t\t\t\t\t<\/div>\n\t\t<\/section>\n\t\t\t\t<section class=\"elementor-section elementor-top-section elementor-element elementor-element-354dd0ed elementor-section-boxed elementor-section-height-default elementor-section-height-default\" data-id=\"354dd0ed\" data-element_type=\"section\" data-e-type=\"section\">\n\t\t\t\t\t\t<div class=\"elementor-container elementor-column-gap-default\">\n\t\t\t\t\t<div class=\"elementor-column elementor-col-50 elementor-top-column elementor-element elementor-element-54ee34b4\" data-id=\"54ee34b4\" data-element_type=\"column\" data-e-type=\"column\">\n\t\t\t<div class=\"elementor-widget-wrap elementor-element-populated\">\n\t\t\t\t\t\t<div class=\"elementor-element elementor-element-a664cf0 elementor-widget elementor-widget-image\" data-id=\"a664cf0\" data-element_type=\"widget\" data-e-type=\"widget\" data-widget_type=\"image.default\">\n\t\t\t\t<div class=\"elementor-widget-container\">\n\t\t\t\t\t\t\t\t\t\t\t\t\t\t\t<img fetchpriority=\"high\" decoding=\"async\" width=\"714\" height=\"720\" src=\"https:\/\/www.tarbut.edu.ar\/cms\/wp-content\/uploads\/2023\/05\/Tali.png\" class=\"attachment-large size-large wp-image-4459\" alt=\"\" srcset=\"https:\/\/www.tarbut.edu.ar\/cms\/wp-content\/uploads\/2023\/05\/Tali.png 714w, https:\/\/www.tarbut.edu.ar\/cms\/wp-content\/uploads\/2023\/05\/Tali-298x300.png 298w, https:\/\/www.tarbut.edu.ar\/cms\/wp-content\/uploads\/2023\/05\/Tali-150x150.png 150w\" sizes=\"(max-width: 714px) 100vw, 714px\" \/>\t\t\t\t\t\t\t\t\t\t\t\t\t\t\t<\/div>\n\t\t\t\t<\/div>\n\t\t\t\t\t<\/div>\n\t\t<\/div>\n\t\t\t\t<div class=\"elementor-column elementor-col-50 elementor-top-column elementor-element elementor-element-17c4506\" data-id=\"17c4506\" data-element_type=\"column\" data-e-type=\"column\">\n\t\t\t<div class=\"elementor-widget-wrap elementor-element-populated\">\n\t\t\t\t\t\t<div class=\"elementor-element elementor-element-725416a1 elementor-widget elementor-widget-spacer\" data-id=\"725416a1\" data-element_type=\"widget\" data-e-type=\"widget\" data-widget_type=\"spacer.default\">\n\t\t\t\t<div class=\"elementor-widget-container\">\n\t\t\t\t\t\t\t<div class=\"elementor-spacer\">\n\t\t\t<div class=\"elementor-spacer-inner\"><\/div>\n\t\t<\/div>\n\t\t\t\t\t\t<\/div>\n\t\t\t\t<\/div>\n\t\t\t\t<div class=\"elementor-element elementor-element-61b7b134 elementor-widget elementor-widget-heading\" data-id=\"61b7b134\" data-element_type=\"widget\" data-e-type=\"widget\" data-widget_type=\"heading.default\">\n\t\t\t\t<div class=\"elementor-widget-container\">\n\t\t\t\t\t<h2 class=\"elementor-heading-title elementor-size-default\">Prof. Elizabeth (Tali) Aizenberg<\/h2>\t\t\t\t<\/div>\n\t\t\t\t<\/div>\n\t\t\t\t<div class=\"elementor-element elementor-element-16e1179 elementor-widget elementor-widget-heading\" data-id=\"16e1179\" data-element_type=\"widget\" data-e-type=\"widget\" data-widget_type=\"heading.default\">\n\t\t\t\t<div class=\"elementor-widget-container\">\n\t\t\t\t\t<h5 class=\"elementor-heading-title elementor-size-default\">Directora  - Nivel Inicial <\/h5>\t\t\t\t<\/div>\n\t\t\t\t<\/div>\n\t\t\t\t<div class=\"elementor-element elementor-element-75b6176 elementor-widget elementor-widget-text-editor\" data-id=\"75b6176\" data-element_type=\"widget\" data-e-type=\"widget\" data-widget_type=\"text-editor.default\">\n\t\t\t\t<div class=\"elementor-widget-container\">\n\t\t\t\t\t\t\t\t\t<p><span style=\"font-weight: 400;\">Tali es Profesora de Educaci\u00f3n Inicial <\/span><span style=\"font-weight: 400;\">(Eccleston), hizo un post\u00edtulo en Nivel Inicial y una Especializaci\u00f3n en Gesti\u00f3n Educativa (FLACSO). Cuenta con una amplia experiencia en nuestro jard\u00edn como docente y tambi\u00e9n en la gesti\u00f3n.<\/span><\/p>\n<p><span style=\"font-weight: 400;\">Ingres\u00f3 a Tarbut en 1993 como mor\u00e1, fue asistente de coordinaci\u00f3n y coordinadora desde 2007. La nombraron directora en otra instituci\u00f3n por el lapso de 3 a\u00f1os, regres\u00f3 como coordinadora a Tarbut y fue vicedirectora durante 2021. En 2022 asumi\u00f3 la direcci\u00f3n del Nivel Inicial.<\/span><\/p>\t\t\t\t\t\t\t\t<\/div>\n\t\t\t\t<\/div>\n\t\t\t\t\t<\/div>\n\t\t<\/div>\n\t\t\t\t\t<\/div>\n\t\t<\/section>\n\t\t\t\t<section class=\"elementor-section elementor-top-section elementor-element elementor-element-2aeab3cd elementor-section-boxed elementor-section-height-default elementor-section-height-default\" data-id=\"2aeab3cd\" data-element_type=\"section\" data-e-type=\"section\">\n\t\t\t\t\t\t<div class=\"elementor-container elementor-column-gap-default\">\n\t\t\t\t\t<div class=\"elementor-column elementor-col-100 elementor-top-column elementor-element elementor-element-483e5ffa\" data-id=\"483e5ffa\" data-element_type=\"column\" data-e-type=\"column\">\n\t\t\t<div class=\"elementor-widget-wrap elementor-element-populated\">\n\t\t\t\t\t\t<div class=\"elementor-element elementor-element-72d3a00 elementor-widget elementor-widget-spacer\" data-id=\"72d3a00\" data-element_type=\"widget\" data-e-type=\"widget\" data-widget_type=\"spacer.default\">\n\t\t\t\t<div class=\"elementor-widget-container\">\n\t\t\t\t\t\t\t<div class=\"elementor-spacer\">\n\t\t\t<div class=\"elementor-spacer-inner\"><\/div>\n\t\t<\/div>\n\t\t\t\t\t\t<\/div>\n\t\t\t\t<\/div>\n\t\t\t\t<div class=\"elementor-element elementor-element-1f4c254 elementor-widget elementor-widget-spacer\" data-id=\"1f4c254\" data-element_type=\"widget\" data-e-type=\"widget\" data-widget_type=\"spacer.default\">\n\t\t\t\t<div class=\"elementor-widget-container\">\n\t\t\t\t\t\t\t<div class=\"elementor-spacer\">\n\t\t\t<div class=\"elementor-spacer-inner\"><\/div>\n\t\t<\/div>\n\t\t\t\t\t\t<\/div>\n\t\t\t\t<\/div>\n\t\t\t\t\t<\/div>\n\t\t<\/div>\n\t\t\t\t\t<\/div>\n\t\t<\/section>\n\t\t\t\t<\/div>\n\t\t","protected":false},"excerpt":{"rendered":"<p>Prof. Elizabeth (Tali) Aizenberg Directora &#8211; Nivel Inicial Tali es Profesora de Educaci\u00f3n Inicial (Eccleston), hizo un post\u00edtulo en Nivel Inicial y una Especializaci\u00f3n en Gesti\u00f3n Educativa (FLACSO). Cuenta con una amplia experiencia en nuestro jard\u00edn como docente y tambi\u00e9n en la gesti\u00f3n. Ingres\u00f3 a Tarbut en 1993 como mor\u00e1, fue asistente de coordinaci\u00f3n y [&hellip;]<\/p>\n","protected":false},"author":1504,"featured_media":0,"parent":0,"menu_order":0,"comment_status":"closed","ping_status":"closed","template":"","meta":{"footnotes":""},"class_list":["post-4283","page","type-page","status-publish","hentry"],"_links":{"self":[{"href":"https:\/\/www.tarbut.edu.ar\/cms\/wp-json\/wp\/v2\/pages\/4283","targetHints":{"allow":["GET"]}}],"collection":[{"href":"https:\/\/www.tarbut.edu.ar\/cms\/wp-json\/wp\/v2\/pages"}],"about":[{"href":"https:\/\/www.tarbut.edu.ar\/cms\/wp-json\/wp\/v2\/types\/page"}],"author":[{"embeddable":true,"href":"https:\/\/www.tarbut.edu.ar\/cms\/wp-json\/wp\/v2\/users\/1504"}],"replies":[{"embeddable":true,"href":"https:\/\/www.tarbut.edu.ar\/cms\/wp-json\/wp\/v2\/comments?post=4283"}],"version-history":[{"count":39,"href":"https:\/\/www.tarbut.edu.ar\/cms\/wp-json\/wp\/v2\/pages\/4283\/revisions"}],"predecessor-version":[{"id":4604,"href":"https:\/\/www.tarbut.edu.ar\/cms\/wp-json\/wp\/v2\/pages\/4283\/revisions\/4604"}],"wp:attachment":[{"href":"https:\/\/www.tarbut.edu.ar\/cms\/wp-json\/wp\/v2\/media?parent=4283"}],"curies":[{"name":"wp","href":"https:\/\/api.w.org\/{rel}","templated":true}]}}