{"id":4255,"date":"2023-05-12T10:10:39","date_gmt":"2023-05-12T13:10:39","guid":{"rendered":"https:\/\/www.tarbut.edu.ar\/cms\/?page_id=4255"},"modified":"2023-05-17T11:24:30","modified_gmt":"2023-05-17T14:24:30","slug":"elementor-4255","status":"publish","type":"page","link":"https:\/\/www.tarbut.edu.ar\/cms\/elementor-4255\/","title":{"rendered":"Mg. Marilina Lipsman"},"content":{"rendered":"\t\t<div data-elementor-type=\"wp-page\" data-elementor-id=\"4255\" class=\"elementor elementor-4255\" data-elementor-post-type=\"page\">\n\t\t\t\t\t\t<section class=\"elementor-section elementor-top-section elementor-element elementor-element-aafe500 elementor-section-boxed elementor-section-height-default elementor-section-height-default\" data-id=\"aafe500\" data-element_type=\"section\" data-e-type=\"section\">\n\t\t\t\t\t\t<div class=\"elementor-container elementor-column-gap-default\">\n\t\t\t\t\t<div class=\"elementor-column elementor-col-100 elementor-top-column elementor-element elementor-element-80aee94\" data-id=\"80aee94\" data-element_type=\"column\" data-e-type=\"column\">\n\t\t\t<div class=\"elementor-widget-wrap elementor-element-populated\">\n\t\t\t\t\t\t\t<\/div>\n\t\t<\/div>\n\t\t\t\t\t<\/div>\n\t\t<\/section>\n\t\t\t\t<section class=\"elementor-section elementor-top-section elementor-element elementor-element-ffe58d9 elementor-section-boxed elementor-section-height-default elementor-section-height-default\" data-id=\"ffe58d9\" data-element_type=\"section\" data-e-type=\"section\">\n\t\t\t\t\t\t<div class=\"elementor-container elementor-column-gap-default\">\n\t\t\t\t\t<div class=\"elementor-column elementor-col-50 elementor-top-column elementor-element elementor-element-8bd56ad\" data-id=\"8bd56ad\" data-element_type=\"column\" data-e-type=\"column\">\n\t\t\t<div class=\"elementor-widget-wrap elementor-element-populated\">\n\t\t\t\t\t\t<div class=\"elementor-element elementor-element-98a5a3d elementor-widget elementor-widget-image\" data-id=\"98a5a3d\" data-element_type=\"widget\" data-e-type=\"widget\" data-widget_type=\"image.default\">\n\t\t\t\t<div class=\"elementor-widget-container\">\n\t\t\t\t\t\t\t\t\t\t\t\t\t\t\t<img fetchpriority=\"high\" decoding=\"async\" width=\"714\" height=\"720\" src=\"https:\/\/www.tarbut.edu.ar\/cms\/wp-content\/uploads\/2023\/05\/Staff-web_Mesa-de-trabajo-1-copia-14-15.png\" class=\"attachment-large size-large wp-image-4538\" alt=\"\" srcset=\"https:\/\/www.tarbut.edu.ar\/cms\/wp-content\/uploads\/2023\/05\/Staff-web_Mesa-de-trabajo-1-copia-14-15.png 714w, https:\/\/www.tarbut.edu.ar\/cms\/wp-content\/uploads\/2023\/05\/Staff-web_Mesa-de-trabajo-1-copia-14-15-298x300.png 298w, https:\/\/www.tarbut.edu.ar\/cms\/wp-content\/uploads\/2023\/05\/Staff-web_Mesa-de-trabajo-1-copia-14-15-150x150.png 150w\" sizes=\"(max-width: 714px) 100vw, 714px\" \/>\t\t\t\t\t\t\t\t\t\t\t\t\t\t\t<\/div>\n\t\t\t\t<\/div>\n\t\t\t\t\t<\/div>\n\t\t<\/div>\n\t\t\t\t<div class=\"elementor-column elementor-col-50 elementor-top-column elementor-element elementor-element-2bb5735\" data-id=\"2bb5735\" data-element_type=\"column\" data-e-type=\"column\">\n\t\t\t<div class=\"elementor-widget-wrap elementor-element-populated\">\n\t\t\t\t\t\t<div class=\"elementor-element elementor-element-1c109d3 elementor-widget elementor-widget-spacer\" data-id=\"1c109d3\" data-element_type=\"widget\" data-e-type=\"widget\" data-widget_type=\"spacer.default\">\n\t\t\t\t<div class=\"elementor-widget-container\">\n\t\t\t\t\t\t\t<div class=\"elementor-spacer\">\n\t\t\t<div class=\"elementor-spacer-inner\"><\/div>\n\t\t<\/div>\n\t\t\t\t\t\t<\/div>\n\t\t\t\t<\/div>\n\t\t\t\t<div class=\"elementor-element elementor-element-6f84208 elementor-widget elementor-widget-heading\" data-id=\"6f84208\" data-element_type=\"widget\" data-e-type=\"widget\" data-widget_type=\"heading.default\">\n\t\t\t\t<div class=\"elementor-widget-container\">\n\t\t\t\t\t<h2 class=\"elementor-heading-title elementor-size-default\">Mg. Marilina Lipsman<\/h2>\t\t\t\t<\/div>\n\t\t\t\t<\/div>\n\t\t\t\t<div class=\"elementor-element elementor-element-dd998a9 elementor-widget elementor-widget-heading\" data-id=\"dd998a9\" data-element_type=\"widget\" data-e-type=\"widget\" data-widget_type=\"heading.default\">\n\t\t\t\t<div class=\"elementor-widget-container\">\n\t\t\t\t\t<h5 class=\"elementor-heading-title elementor-size-default\">Directora Ejecutiva<\/h5>\t\t\t\t<\/div>\n\t\t\t\t<\/div>\n\t\t\t\t<div class=\"elementor-element elementor-element-9934670 elementor-widget elementor-widget-text-editor\" data-id=\"9934670\" data-element_type=\"widget\" data-e-type=\"widget\" data-widget_type=\"text-editor.default\">\n\t\t\t\t<div class=\"elementor-widget-container\">\n\t\t\t\t\t\t\t\t\t<p>Marilina es Licenciada en Ciencias de la Educaci\u00f3n y Mag\u00edster en Did\u00e1ctica (UBA).\u00a0<\/p><p><span style=\"font-weight: 400;\">Es profesora titular de la materia Comunicaci\u00f3n de la Tecnicatura en Medicina Nuclear y de Bases Did\u00e1cticas y Evaluaci\u00f3n Educativa de la Carrera Docente de la Facultad de Farmacia y Bioqu\u00edmica (UBA). Tambi\u00e9n es directora de Proyecto UBACyT (FFyB &#8211; UBA) y miembro de la Comisi\u00f3n de Maestr\u00eda en Tecnolog\u00eda Educativa (FFyL &#8211; UBA). Es miembro de la Red Iberoamericana de Investigadores sobre Evaluaci\u00f3n de la Docencia (RIIED) y cuenta con una experiencia de m\u00e1s de 30 a\u00f1os en diversas instituciones educativas.<\/span><\/p><p><span style=\"font-weight: 400;\">En Tarbut, Marilina estuvo a cargo de la rector\u00eda del Nivel Secundario y de la direcci\u00f3n Acad\u00e9mica Interina de nuestro Colegio durante el 2022. Desde 2023 se desempe\u00f1a como directora ejecutiva.<\/span><\/p>\t\t\t\t\t\t\t\t<\/div>\n\t\t\t\t<\/div>\n\t\t\t\t\t<\/div>\n\t\t<\/div>\n\t\t\t\t\t<\/div>\n\t\t<\/section>\n\t\t\t\t<section class=\"elementor-section elementor-top-section elementor-element elementor-element-9d460ed elementor-section-boxed elementor-section-height-default elementor-section-height-default\" data-id=\"9d460ed\" data-element_type=\"section\" data-e-type=\"section\">\n\t\t\t\t\t\t<div class=\"elementor-container elementor-column-gap-default\">\n\t\t\t\t\t<div class=\"elementor-column elementor-col-100 elementor-top-column elementor-element elementor-element-c5883f2\" data-id=\"c5883f2\" data-element_type=\"column\" data-e-type=\"column\">\n\t\t\t<div class=\"elementor-widget-wrap elementor-element-populated\">\n\t\t\t\t\t\t<div class=\"elementor-element elementor-element-aeb7436 elementor-widget elementor-widget-spacer\" data-id=\"aeb7436\" data-element_type=\"widget\" data-e-type=\"widget\" data-widget_type=\"spacer.default\">\n\t\t\t\t<div class=\"elementor-widget-container\">\n\t\t\t\t\t\t\t<div class=\"elementor-spacer\">\n\t\t\t<div class=\"elementor-spacer-inner\"><\/div>\n\t\t<\/div>\n\t\t\t\t\t\t<\/div>\n\t\t\t\t<\/div>\n\t\t\t\t\t<\/div>\n\t\t<\/div>\n\t\t\t\t\t<\/div>\n\t\t<\/section>\n\t\t\t\t<\/div>\n\t\t","protected":false},"excerpt":{"rendered":"<p>Mg. Marilina Lipsman Directora Ejecutiva Marilina es Licenciada en Ciencias de la Educaci\u00f3n y Mag\u00edster en Did\u00e1ctica (UBA).\u00a0 Es profesora titular de la materia Comunicaci\u00f3n de la Tecnicatura en Medicina Nuclear y de Bases Did\u00e1cticas y Evaluaci\u00f3n Educativa de la Carrera Docente de la Facultad de Farmacia y Bioqu\u00edmica (UBA). Tambi\u00e9n es directora de Proyecto [&hellip;]<\/p>\n","protected":false},"author":1504,"featured_media":0,"parent":0,"menu_order":0,"comment_status":"closed","ping_status":"closed","template":"","meta":{"footnotes":""},"class_list":["post-4255","page","type-page","status-publish","hentry"],"_links":{"self":[{"href":"https:\/\/www.tarbut.edu.ar\/cms\/wp-json\/wp\/v2\/pages\/4255","targetHints":{"allow":["GET"]}}],"collection":[{"href":"https:\/\/www.tarbut.edu.ar\/cms\/wp-json\/wp\/v2\/pages"}],"about":[{"href":"https:\/\/www.tarbut.edu.ar\/cms\/wp-json\/wp\/v2\/types\/page"}],"author":[{"embeddable":true,"href":"https:\/\/www.tarbut.edu.ar\/cms\/wp-json\/wp\/v2\/users\/1504"}],"replies":[{"embeddable":true,"href":"https:\/\/www.tarbut.edu.ar\/cms\/wp-json\/wp\/v2\/comments?post=4255"}],"version-history":[{"count":38,"href":"https:\/\/www.tarbut.edu.ar\/cms\/wp-json\/wp\/v2\/pages\/4255\/revisions"}],"predecessor-version":[{"id":4549,"href":"https:\/\/www.tarbut.edu.ar\/cms\/wp-json\/wp\/v2\/pages\/4255\/revisions\/4549"}],"wp:attachment":[{"href":"https:\/\/www.tarbut.edu.ar\/cms\/wp-json\/wp\/v2\/media?parent=4255"}],"curies":[{"name":"wp","href":"https:\/\/api.w.org\/{rel}","templated":true}]}}