{"id":3509,"date":"2023-02-13T11:30:54","date_gmt":"2023-02-13T14:30:54","guid":{"rendered":"https:\/\/www.tarbut.edu.ar\/cms\/?page_id=3509"},"modified":"2026-02-06T11:34:15","modified_gmt":"2026-02-06T14:34:15","slug":"inicial-info-util","status":"publish","type":"page","link":"https:\/\/www.tarbut.edu.ar\/cms\/inicial-info-util\/","title":{"rendered":"Informaci\u00f3n \u00fatil Inicial"},"content":{"rendered":"\t\t<div data-elementor-type=\"wp-page\" data-elementor-id=\"3509\" class=\"elementor elementor-3509\" data-elementor-post-type=\"page\">\n\t\t\t\t\t\t<section class=\"elementor-section elementor-top-section elementor-element elementor-element-3b2c7f3a elementor-section-full_width elementor-section-height-default elementor-section-height-default\" data-id=\"3b2c7f3a\" data-element_type=\"section\" data-e-type=\"section\" data-settings=\"{&quot;background_background&quot;:&quot;classic&quot;}\">\n\t\t\t\t\t\t<div class=\"elementor-container elementor-column-gap-default\">\n\t\t\t\t\t<div class=\"elementor-column elementor-col-100 elementor-top-column elementor-element elementor-element-459d1648\" data-id=\"459d1648\" data-element_type=\"column\" data-e-type=\"column\" data-settings=\"{&quot;background_background&quot;:&quot;classic&quot;}\">\n\t\t\t<div class=\"elementor-widget-wrap elementor-element-populated\">\n\t\t\t\t\t\t<div class=\"elementor-element elementor-element-29762ca1 elementor--h-position-center elementor--v-position-middle elementor-widget elementor-widget-slides\" data-id=\"29762ca1\" data-element_type=\"widget\" data-e-type=\"widget\" data-settings=\"{&quot;navigation&quot;:&quot;none&quot;,&quot;autoplay&quot;:&quot;yes&quot;,&quot;pause_on_hover&quot;:&quot;yes&quot;,&quot;pause_on_interaction&quot;:&quot;yes&quot;,&quot;autoplay_speed&quot;:5000,&quot;infinite&quot;:&quot;yes&quot;,&quot;transition&quot;:&quot;slide&quot;,&quot;transition_speed&quot;:500}\" data-widget_type=\"slides.default\">\n\t\t\t\t<div class=\"elementor-widget-container\">\n\t\t\t\t\t\t\t\t\t<div class=\"elementor-swiper\">\n\t\t\t\t\t<div class=\"elementor-slides-wrapper elementor-main-swiper swiper\" role=\"region\" aria-roledescription=\"carousel\" aria-label=\"Diapositivas\" dir=\"ltr\" data-animation=\"fadeInUp\">\n\t\t\t\t<div class=\"swiper-wrapper elementor-slides\">\n\t\t\t\t\t\t\t\t\t\t<div class=\"elementor-repeater-item-fbb3afd swiper-slide\" role=\"group\" aria-roledescription=\"slide\"><div class=\"swiper-slide-bg\"><\/div><div class=\"swiper-slide-inner\" ><div class=\"swiper-slide-contents\"><div class=\"elementor-slide-heading\">Informaci\u00f3n \u00fatil<\/div><div class=\"elementor-slide-description\">Nivel Inicial<\/div><\/div><\/div><\/div>\t\t\t\t<\/div>\n\t\t\t\t\t\t\t<\/div>\n\t\t\t\t<\/div>\n\t\t\t\t\t\t\t\t<\/div>\n\t\t\t\t<\/div>\n\t\t\t\t\t<\/div>\n\t\t<\/div>\n\t\t\t\t\t<\/div>\n\t\t<\/section>\n\t\t\t\t<section class=\"elementor-section elementor-top-section elementor-element elementor-element-3085ebe elementor-section-boxed elementor-section-height-default elementor-section-height-default\" data-id=\"3085ebe\" data-element_type=\"section\" data-e-type=\"section\">\n\t\t\t\t\t\t<div class=\"elementor-container elementor-column-gap-default\">\n\t\t\t\t\t<div class=\"elementor-column elementor-col-100 elementor-top-column elementor-element elementor-element-fc0ea16\" data-id=\"fc0ea16\" data-element_type=\"column\" data-e-type=\"column\">\n\t\t\t<div class=\"elementor-widget-wrap elementor-element-populated\">\n\t\t\t\t\t\t<div class=\"elementor-element elementor-element-9f0dd0a elementor-widget elementor-widget-heading\" data-id=\"9f0dd0a\" data-element_type=\"widget\" data-e-type=\"widget\" data-widget_type=\"heading.default\">\n\t\t\t\t<div class=\"elementor-widget-container\">\n\t\t\t\t\t<h2 class=\"elementor-heading-title elementor-size-default\"><br><b>Entradas y salidas<\/b><\/h2>\t\t\t\t<\/div>\n\t\t\t\t<\/div>\n\t\t\t\t<div class=\"elementor-element elementor-element-7913103 elementor-widget__width-initial elementor-widget elementor-widget-heading\" data-id=\"7913103\" data-element_type=\"widget\" data-e-type=\"widget\" data-widget_type=\"heading.default\">\n\t\t\t\t<div class=\"elementor-widget-container\">\n\t\t\t\t\t<h2 class=\"elementor-heading-title elementor-size-default\"><u><b>Sede Olivos<\/b><br><\/u><b style=\"font-weight: bold\">\nIngreso:<\/b><b><br><\/b>El horario de ingreso de los alumnos es a partir de las 8:20hs. a trav\u00e9s de la puerta principal y la puerta de acceso a primaria cubierta. Habr\u00e1 siempre personal pedag\u00f3gico recibiendo a los alumnos.\nLas familias del nivel inicial podr\u00e1n ingresar al colegio para acompa\u00f1ar a sus hijos hasta el edificio de Jard\u00edn.<b style=\"font-weight: bold\"><br>\n<br>Salida: <\/b><b><br><\/b>- Turno ma\u00f1ana: 12hs.<br>- Las familias podr\u00e1n ingresar a retirar a sus hijos por el edificio del jard\u00edn a partir de las 16:15hs. <br>- Los alumnos que se retiren en remises saldr\u00e1n por la puerta principal.<br>- El horario de salida de combis ser\u00e1 a las 16:25hs.<br><b style=\"font-weight: bold\">\n\n<\/b><br><b style=\"font-weight: bold\">\n<u>Sede Belgrano<\/u><\/b><b><u><br><\/u>\n<\/b><b style=\"font-weight: bold\">Ingreso:\n<\/b>El horario de ingreso al jard\u00edn es a las 9hs. Habr\u00e1 siempre personal pedag\u00f3gico recibiendo a los ni\u00f1os en la puerta. Aquellos que deseen asistir a la pre-hora podr\u00e1n hacerlo a partir de las 8:30hs. y cada alumno deber\u00e1 ingresar con un adulto responsable hasta el SUM del jard\u00edn.<br><b><br>\n<\/b><b style=\"font-weight: bold\">Salida:<\/b><b><br><\/b>- Turno ma\u00f1ana: 12hs.<br><b>-<\/b> Jornada extendida\/turno tarde: 16.20hs. (las familias pueden ingresar al jard\u00edn desde las 16.10hs.).<br>\n- Salida anticipada: En todos los casos ser\u00e1 a las 15.15hs. con aviso previo a Secretar\u00eda.\n<b><br><br><\/b><br><\/h2>\t\t\t\t<\/div>\n\t\t\t\t<\/div>\n\t\t\t\t\t<\/div>\n\t\t<\/div>\n\t\t\t\t\t<\/div>\n\t\t<\/section>\n\t\t\t\t<section class=\"elementor-section elementor-top-section elementor-element elementor-element-38b4b42 elementor-section-boxed elementor-section-height-default elementor-section-height-default\" data-id=\"38b4b42\" data-element_type=\"section\" data-e-type=\"section\">\n\t\t\t\t\t\t<div class=\"elementor-container elementor-column-gap-default\">\n\t\t\t\t\t<div class=\"elementor-column elementor-col-100 elementor-top-column elementor-element elementor-element-65fbc4c\" data-id=\"65fbc4c\" data-element_type=\"column\" data-e-type=\"column\">\n\t\t\t<div class=\"elementor-widget-wrap elementor-element-populated\">\n\t\t\t\t\t\t<div class=\"elementor-element elementor-element-2726 elementor-fixed elementor-view-default elementor-widget elementor-widget-global elementor-global-2726 elementor-widget-icon\" data-id=\"2726\" data-element_type=\"widget\" data-e-type=\"widget\" data-settings=\"{&quot;_position&quot;:&quot;fixed&quot;}\" data-widget_type=\"icon.default\">\n\t\t\t\t<div class=\"elementor-widget-container\">\n\t\t\t\t\t\t\t<div class=\"elementor-icon-wrapper\">\n\t\t\t<a class=\"elementor-icon\" href=\"https:\/\/api.whatsapp.com\/send?phone=5491133959415&#038;text=%C2%A1Hola!%20Quiero%20agendar%20una%20entrevista\" target=\"_blank\">\n\t\t\t<i aria-hidden=\"true\" class=\"fab fa-whatsapp-square\"><\/i>\t\t\t<\/a>\n\t\t<\/div>\n\t\t\t\t\t\t<\/div>\n\t\t\t\t<\/div>\n\t\t\t\t\t<\/div>\n\t\t<\/div>\n\t\t\t\t\t<\/div>\n\t\t<\/section>\n\t\t\t\t<\/div>\n\t\t","protected":false},"excerpt":{"rendered":"<p>Informaci\u00f3n \u00fatilNivel Inicial Entradas y salidas Sede Olivos Ingreso:El horario de ingreso de los alumnos es a partir de las 8:20hs. a trav\u00e9s de la puerta principal y la puerta de acceso a primaria cubierta. Habr\u00e1 siempre personal pedag\u00f3gico recibiendo a los alumnos. Las familias del nivel inicial podr\u00e1n ingresar al colegio para acompa\u00f1ar a [&hellip;]<\/p>\n","protected":false},"author":6,"featured_media":0,"parent":0,"menu_order":0,"comment_status":"closed","ping_status":"closed","template":"","meta":{"footnotes":""},"class_list":["post-3509","page","type-page","status-publish","hentry"],"_links":{"self":[{"href":"https:\/\/www.tarbut.edu.ar\/cms\/wp-json\/wp\/v2\/pages\/3509","targetHints":{"allow":["GET"]}}],"collection":[{"href":"https:\/\/www.tarbut.edu.ar\/cms\/wp-json\/wp\/v2\/pages"}],"about":[{"href":"https:\/\/www.tarbut.edu.ar\/cms\/wp-json\/wp\/v2\/types\/page"}],"author":[{"embeddable":true,"href":"https:\/\/www.tarbut.edu.ar\/cms\/wp-json\/wp\/v2\/users\/6"}],"replies":[{"embeddable":true,"href":"https:\/\/www.tarbut.edu.ar\/cms\/wp-json\/wp\/v2\/comments?post=3509"}],"version-history":[{"count":52,"href":"https:\/\/www.tarbut.edu.ar\/cms\/wp-json\/wp\/v2\/pages\/3509\/revisions"}],"predecessor-version":[{"id":7765,"href":"https:\/\/www.tarbut.edu.ar\/cms\/wp-json\/wp\/v2\/pages\/3509\/revisions\/7765"}],"wp:attachment":[{"href":"https:\/\/www.tarbut.edu.ar\/cms\/wp-json\/wp\/v2\/media?parent=3509"}],"curies":[{"name":"wp","href":"https:\/\/api.w.org\/{rel}","templated":true}]}}