{"id":1631,"date":"2022-05-09T19:02:58","date_gmt":"2022-05-09T19:02:58","guid":{"rendered":"https:\/\/www.tarbut.edu.ar\/cms\/?page_id=1631"},"modified":"2025-11-12T15:55:33","modified_gmt":"2025-11-12T18:55:33","slug":"judaismo-vivencial","status":"publish","type":"page","link":"https:\/\/www.tarbut.edu.ar\/cms\/judaismo-vivencial\/","title":{"rendered":"Juda\u00edsmo vivencial"},"content":{"rendered":"\t\t<div data-elementor-type=\"wp-page\" data-elementor-id=\"1631\" class=\"elementor elementor-1631\" data-elementor-post-type=\"page\">\n\t\t\t\t\t\t<section class=\"elementor-section elementor-top-section elementor-element elementor-element-7fcb32ec elementor-section-full_width elementor-section-height-default elementor-section-height-default\" data-id=\"7fcb32ec\" data-element_type=\"section\" data-e-type=\"section\" data-settings=\"{&quot;background_background&quot;:&quot;classic&quot;}\">\n\t\t\t\t\t\t<div class=\"elementor-container elementor-column-gap-default\">\n\t\t\t\t\t<div class=\"elementor-column elementor-col-100 elementor-top-column elementor-element elementor-element-1a391df9\" data-id=\"1a391df9\" data-element_type=\"column\" data-e-type=\"column\" data-settings=\"{&quot;background_background&quot;:&quot;classic&quot;}\">\n\t\t\t<div class=\"elementor-widget-wrap elementor-element-populated\">\n\t\t\t\t\t\t<div class=\"elementor-element elementor-element-63333103 elementor--h-position-center elementor--v-position-middle elementor-widget elementor-widget-slides\" data-id=\"63333103\" data-element_type=\"widget\" data-e-type=\"widget\" data-settings=\"{&quot;navigation&quot;:&quot;none&quot;,&quot;autoplay&quot;:&quot;yes&quot;,&quot;pause_on_hover&quot;:&quot;yes&quot;,&quot;pause_on_interaction&quot;:&quot;yes&quot;,&quot;autoplay_speed&quot;:5000,&quot;infinite&quot;:&quot;yes&quot;,&quot;transition&quot;:&quot;slide&quot;,&quot;transition_speed&quot;:500}\" data-widget_type=\"slides.default\">\n\t\t\t\t<div class=\"elementor-widget-container\">\n\t\t\t\t\t\t\t\t\t<div class=\"elementor-swiper\">\n\t\t\t\t\t<div class=\"elementor-slides-wrapper elementor-main-swiper swiper\" role=\"region\" aria-roledescription=\"carousel\" aria-label=\"Diapositivas\" dir=\"ltr\" data-animation=\"fadeInUp\">\n\t\t\t\t<div class=\"swiper-wrapper elementor-slides\">\n\t\t\t\t\t\t\t\t\t\t<div class=\"elementor-repeater-item-fbb3afd swiper-slide\" role=\"group\" aria-roledescription=\"slide\"><div class=\"swiper-slide-bg\"><\/div><div class=\"swiper-slide-inner\" ><div class=\"swiper-slide-contents\"><div class=\"elementor-slide-heading\">Juda\u00edsmo vivencial<\/div><\/div><\/div><\/div>\t\t\t\t<\/div>\n\t\t\t\t\t\t\t<\/div>\n\t\t\t\t<\/div>\n\t\t\t\t\t\t\t\t<\/div>\n\t\t\t\t<\/div>\n\t\t\t\t\t<\/div>\n\t\t<\/div>\n\t\t\t\t\t<\/div>\n\t\t<\/section>\n\t\t\t\t<section class=\"elementor-section elementor-top-section elementor-element elementor-element-751b6df7 elementor-section-boxed elementor-section-height-default elementor-section-height-default\" data-id=\"751b6df7\" data-element_type=\"section\" data-e-type=\"section\">\n\t\t\t\t\t\t<div class=\"elementor-container elementor-column-gap-default\">\n\t\t\t\t\t<div class=\"elementor-column elementor-col-100 elementor-top-column elementor-element elementor-element-39e37f6e\" data-id=\"39e37f6e\" data-element_type=\"column\" data-e-type=\"column\">\n\t\t\t<div class=\"elementor-widget-wrap elementor-element-populated\">\n\t\t\t\t\t\t<div class=\"elementor-element elementor-element-382fa5a4 elementor-widget-divider--separator-type-pattern elementor-widget-divider--view-line elementor-widget elementor-widget-divider\" data-id=\"382fa5a4\" data-element_type=\"widget\" data-e-type=\"widget\" data-widget_type=\"divider.default\">\n\t\t\t\t<div class=\"elementor-widget-container\">\n\t\t\t\t\t\t\t<div class=\"elementor-divider\" style=\"--divider-pattern-url: url(&quot;data:image\/svg+xml,%3Csvg xmlns=&#039;http:\/\/www.w3.org\/2000\/svg&#039; preserveAspectRatio=&#039;none&#039; overflow=&#039;visible&#039; height=&#039;100%&#039; viewBox=&#039;0 0 24 24&#039; fill=&#039;none&#039; stroke=&#039;black&#039; stroke-width=&#039;1.5&#039; stroke-linecap=&#039;square&#039; stroke-miterlimit=&#039;10&#039;%3E%3Cpath d=&#039;M0,6c6,0,6,13,12,13S18,6,24,6&#039;\/%3E%3C\/svg%3E&quot;);\">\n\t\t\t<span class=\"elementor-divider-separator\">\n\t\t\t\t\t\t<\/span>\n\t\t<\/div>\n\t\t\t\t\t\t<\/div>\n\t\t\t\t<\/div>\n\t\t\t\t\t<\/div>\n\t\t<\/div>\n\t\t\t\t\t<\/div>\n\t\t<\/section>\n\t\t\t\t<section class=\"elementor-section elementor-top-section elementor-element elementor-element-37b1ae0c elementor-section-boxed elementor-section-height-default elementor-section-height-default\" data-id=\"37b1ae0c\" data-element_type=\"section\" data-e-type=\"section\" data-settings=\"{&quot;background_background&quot;:&quot;classic&quot;}\">\n\t\t\t\t\t\t<div class=\"elementor-container elementor-column-gap-default\">\n\t\t\t\t\t<div class=\"elementor-column elementor-col-100 elementor-top-column elementor-element elementor-element-bee10c7\" data-id=\"bee10c7\" data-element_type=\"column\" data-e-type=\"column\">\n\t\t\t<div class=\"elementor-widget-wrap elementor-element-populated\">\n\t\t\t\t\t\t<div class=\"elementor-element elementor-element-2069cb62 elementor-widget elementor-widget-heading\" data-id=\"2069cb62\" data-element_type=\"widget\" data-e-type=\"widget\" data-widget_type=\"heading.default\">\n\t\t\t\t<div class=\"elementor-widget-container\">\n\t\t\t\t\t<h2 class=\"elementor-heading-title elementor-size-default\">La educaci\u00f3n jud\u00eda en el Colegio Tarbut es uno de los pilares que atraviesa nuestra propuesta educativa. Tiene como horizonte la formaci\u00f3n de jud\u00edos con un s\u00f3lido sentimiento de pertenencia hacia el pueblo. As\u00ed, los estudiantes se forman en su historia y su legado cultural de forma amplia y plural, comprometidos con los valores humanos que nuestra cultura promueve. Aprenden el hebreo como parte de la cultura judaica y forman estrechos lazos con Israel.<\/h2>\t\t\t\t<\/div>\n\t\t\t\t<\/div>\n\t\t\t\t\t<\/div>\n\t\t<\/div>\n\t\t\t\t\t<\/div>\n\t\t<\/section>\n\t\t\t\t<section class=\"elementor-section elementor-top-section elementor-element elementor-element-458c735 elementor-section-boxed elementor-section-height-default elementor-section-height-default\" data-id=\"458c735\" data-element_type=\"section\" data-e-type=\"section\">\n\t\t\t\t\t\t<div class=\"elementor-container elementor-column-gap-no\">\n\t\t\t\t\t<div class=\"elementor-column elementor-col-100 elementor-top-column elementor-element elementor-element-5652cbc6\" data-id=\"5652cbc6\" data-element_type=\"column\" data-e-type=\"column\">\n\t\t\t<div class=\"elementor-widget-wrap elementor-element-populated\">\n\t\t\t\t\t\t<div class=\"elementor-element elementor-element-4018ab17 elementor-widget elementor-widget-gallery\" data-id=\"4018ab17\" data-element_type=\"widget\" data-e-type=\"widget\" data-settings=\"{&quot;gap&quot;:{&quot;unit&quot;:&quot;px&quot;,&quot;size&quot;:0,&quot;sizes&quot;:[]},&quot;aspect_ratio&quot;:&quot;4:3&quot;,&quot;columns_mobile&quot;:2,&quot;gap_mobile&quot;:{&quot;unit&quot;:&quot;px&quot;,&quot;size&quot;:0,&quot;sizes&quot;:[]},&quot;lazyload&quot;:&quot;yes&quot;,&quot;gallery_layout&quot;:&quot;grid&quot;,&quot;columns&quot;:4,&quot;columns_tablet&quot;:2,&quot;gap_tablet&quot;:{&quot;unit&quot;:&quot;px&quot;,&quot;size&quot;:10,&quot;sizes&quot;:[]},&quot;link_to&quot;:&quot;file&quot;,&quot;overlay_background&quot;:&quot;yes&quot;,&quot;content_hover_animation&quot;:&quot;fade-in&quot;}\" data-widget_type=\"gallery.default\">\n\t\t\t\t<div class=\"elementor-widget-container\">\n\t\t\t\t\t\t\t<div class=\"elementor-gallery__container\">\n\t\t\t\t\t\t\t<a class=\"e-gallery-item elementor-gallery-item elementor-animated-content\" href=\"https:\/\/www.tarbut.edu.ar\/cms\/wp-content\/uploads\/2022\/07\/IMG-20220505-WA0068.jpg\" data-elementor-open-lightbox=\"yes\" data-elementor-lightbox-slideshow=\"4018ab17\" data-elementor-lightbox-title=\"Purim\" data-e-action-hash=\"#elementor-action%3Aaction%3Dlightbox%26settings%3DeyJpZCI6MjY3NiwidXJsIjoiaHR0cHM6XC9cL3d3dy50YXJidXQuZWR1LmFyXC9jbXNcL3dwLWNvbnRlbnRcL3VwbG9hZHNcLzIwMjJcLzA3XC9JTUctMjAyMjA1MDUtV0EwMDY4LmpwZyIsInNsaWRlc2hvdyI6IjQwMThhYjE3In0%3D\">\n\t\t\t\t\t<div class=\"e-gallery-image elementor-gallery-item__image\" data-thumbnail=\"https:\/\/www.tarbut.edu.ar\/cms\/wp-content\/uploads\/2022\/07\/IMG-20220505-WA0068.jpg\" data-width=\"1024\" data-height=\"768\" aria-label=\"\" role=\"img\" ><\/div>\n\t\t\t\t\t\t\t\t\t\t\t<div class=\"elementor-gallery-item__overlay\"><\/div>\n\t\t\t\t\t\t\t\t\t\t\t\t\t\t<\/a>\n\t\t\t\t\t\t\t<a class=\"e-gallery-item elementor-gallery-item elementor-animated-content\" href=\"https:\/\/www.tarbut.edu.ar\/cms\/wp-content\/uploads\/2022\/07\/IMG_8048.jpg\" data-elementor-open-lightbox=\"yes\" data-elementor-lightbox-slideshow=\"4018ab17\" data-elementor-lightbox-title=\"Iom Haatzmaut\" data-e-action-hash=\"#elementor-action%3Aaction%3Dlightbox%26settings%3DeyJpZCI6MjY3NCwidXJsIjoiaHR0cHM6XC9cL3d3dy50YXJidXQuZWR1LmFyXC9jbXNcL3dwLWNvbnRlbnRcL3VwbG9hZHNcLzIwMjJcLzA3XC9JTUdfODA0OC5qcGciLCJzbGlkZXNob3ciOiI0MDE4YWIxNyJ9\">\n\t\t\t\t\t<div class=\"e-gallery-image elementor-gallery-item__image\" data-thumbnail=\"https:\/\/www.tarbut.edu.ar\/cms\/wp-content\/uploads\/2022\/07\/IMG_8048.jpg\" data-width=\"850\" data-height=\"638\" aria-label=\"\" role=\"img\" ><\/div>\n\t\t\t\t\t\t\t\t\t\t\t<div class=\"elementor-gallery-item__overlay\"><\/div>\n\t\t\t\t\t\t\t\t\t\t\t\t\t\t<\/a>\n\t\t\t\t\t\t\t<a class=\"e-gallery-item elementor-gallery-item elementor-animated-content\" href=\"https:\/\/www.tarbut.edu.ar\/cms\/wp-content\/uploads\/2022\/07\/IMG_7523.jpg\" data-elementor-open-lightbox=\"yes\" data-elementor-lightbox-slideshow=\"4018ab17\" data-elementor-lightbox-title=\"Pesaj\" data-e-action-hash=\"#elementor-action%3Aaction%3Dlightbox%26settings%3DeyJpZCI6MjY3MywidXJsIjoiaHR0cHM6XC9cL3d3dy50YXJidXQuZWR1LmFyXC9jbXNcL3dwLWNvbnRlbnRcL3VwbG9hZHNcLzIwMjJcLzA3XC9JTUdfNzUyMy5qcGciLCJzbGlkZXNob3ciOiI0MDE4YWIxNyJ9\">\n\t\t\t\t\t<div class=\"e-gallery-image elementor-gallery-item__image\" data-thumbnail=\"https:\/\/www.tarbut.edu.ar\/cms\/wp-content\/uploads\/2022\/07\/IMG_7523.jpg\" data-width=\"850\" data-height=\"977\" aria-label=\"\" role=\"img\" ><\/div>\n\t\t\t\t\t\t\t\t\t\t\t<div class=\"elementor-gallery-item__overlay\"><\/div>\n\t\t\t\t\t\t\t\t\t\t\t\t\t\t<\/a>\n\t\t\t\t\t\t\t<a class=\"e-gallery-item elementor-gallery-item elementor-animated-content\" href=\"https:\/\/www.tarbut.edu.ar\/cms\/wp-content\/uploads\/2022\/07\/IMG_7407.jpg\" data-elementor-open-lightbox=\"yes\" data-elementor-lightbox-slideshow=\"4018ab17\" data-elementor-lightbox-title=\"Pesaj\" data-e-action-hash=\"#elementor-action%3Aaction%3Dlightbox%26settings%3DeyJpZCI6MjY3MiwidXJsIjoiaHR0cHM6XC9cL3d3dy50YXJidXQuZWR1LmFyXC9jbXNcL3dwLWNvbnRlbnRcL3VwbG9hZHNcLzIwMjJcLzA3XC9JTUdfNzQwNy5qcGciLCJzbGlkZXNob3ciOiI0MDE4YWIxNyJ9\">\n\t\t\t\t\t<div class=\"e-gallery-image elementor-gallery-item__image\" data-thumbnail=\"https:\/\/www.tarbut.edu.ar\/cms\/wp-content\/uploads\/2022\/07\/IMG_7407.jpg\" data-width=\"850\" data-height=\"955\" aria-label=\"\" role=\"img\" ><\/div>\n\t\t\t\t\t\t\t\t\t\t\t<div class=\"elementor-gallery-item__overlay\"><\/div>\n\t\t\t\t\t\t\t\t\t\t\t\t\t\t<\/a>\n\t\t\t\t\t\t\t<a class=\"e-gallery-item elementor-gallery-item elementor-animated-content\" href=\"https:\/\/www.tarbut.edu.ar\/cms\/wp-content\/uploads\/2022\/07\/799a83af-6a19-483b-959f-3b6799224053.jpg\" data-elementor-open-lightbox=\"yes\" data-elementor-lightbox-slideshow=\"4018ab17\" data-elementor-lightbox-title=\"Iom Haatzmaut\" data-e-action-hash=\"#elementor-action%3Aaction%3Dlightbox%26settings%3DeyJpZCI6MjY3MCwidXJsIjoiaHR0cHM6XC9cL3d3dy50YXJidXQuZWR1LmFyXC9jbXNcL3dwLWNvbnRlbnRcL3VwbG9hZHNcLzIwMjJcLzA3XC83OTlhODNhZi02YTE5LTQ4M2ItOTU5Zi0zYjY3OTkyMjQwNTMuanBnIiwic2xpZGVzaG93IjoiNDAxOGFiMTcifQ%3D%3D\">\n\t\t\t\t\t<div class=\"e-gallery-image elementor-gallery-item__image\" data-thumbnail=\"https:\/\/www.tarbut.edu.ar\/cms\/wp-content\/uploads\/2022\/07\/799a83af-6a19-483b-959f-3b6799224053.jpg\" data-width=\"1200\" data-height=\"1600\" aria-label=\"\" role=\"img\" ><\/div>\n\t\t\t\t\t\t\t\t\t\t\t<div class=\"elementor-gallery-item__overlay\"><\/div>\n\t\t\t\t\t\t\t\t\t\t\t\t\t\t<\/a>\n\t\t\t\t\t\t\t<a class=\"e-gallery-item elementor-gallery-item elementor-animated-content\" href=\"https:\/\/www.tarbut.edu.ar\/cms\/wp-content\/uploads\/2022\/07\/MG_8295baja.jpg\" data-elementor-open-lightbox=\"yes\" data-elementor-lightbox-slideshow=\"4018ab17\" data-elementor-lightbox-title=\"Shabat\" data-e-action-hash=\"#elementor-action%3Aaction%3Dlightbox%26settings%3DeyJpZCI6MjY2OCwidXJsIjoiaHR0cHM6XC9cL3d3dy50YXJidXQuZWR1LmFyXC9jbXNcL3dwLWNvbnRlbnRcL3VwbG9hZHNcLzIwMjJcLzA3XC9NR184Mjk1YmFqYS5qcGciLCJzbGlkZXNob3ciOiI0MDE4YWIxNyJ9\">\n\t\t\t\t\t<div class=\"e-gallery-image elementor-gallery-item__image\" data-thumbnail=\"https:\/\/www.tarbut.edu.ar\/cms\/wp-content\/uploads\/2022\/07\/MG_8295baja.jpg\" data-width=\"850\" data-height=\"567\" aria-label=\"\" role=\"img\" ><\/div>\n\t\t\t\t\t\t\t\t\t\t\t<div class=\"elementor-gallery-item__overlay\"><\/div>\n\t\t\t\t\t\t\t\t\t\t\t\t\t\t<\/a>\n\t\t\t\t\t\t\t<a class=\"e-gallery-item elementor-gallery-item elementor-animated-content\" href=\"https:\/\/www.tarbut.edu.ar\/cms\/wp-content\/uploads\/2022\/07\/MG_8270-baja.jpg\" data-elementor-open-lightbox=\"yes\" data-elementor-lightbox-slideshow=\"4018ab17\" data-elementor-lightbox-title=\"Shabat\" data-e-action-hash=\"#elementor-action%3Aaction%3Dlightbox%26settings%3DeyJpZCI6MjY2NywidXJsIjoiaHR0cHM6XC9cL3d3dy50YXJidXQuZWR1LmFyXC9jbXNcL3dwLWNvbnRlbnRcL3VwbG9hZHNcLzIwMjJcLzA3XC9NR184MjcwLWJhamEuanBnIiwic2xpZGVzaG93IjoiNDAxOGFiMTcifQ%3D%3D\">\n\t\t\t\t\t<div class=\"e-gallery-image elementor-gallery-item__image\" data-thumbnail=\"https:\/\/www.tarbut.edu.ar\/cms\/wp-content\/uploads\/2022\/07\/MG_8270-baja.jpg\" data-width=\"850\" data-height=\"567\" aria-label=\"\" role=\"img\" ><\/div>\n\t\t\t\t\t\t\t\t\t\t\t<div class=\"elementor-gallery-item__overlay\"><\/div>\n\t\t\t\t\t\t\t\t\t\t\t\t\t\t<\/a>\n\t\t\t\t\t\t\t<a class=\"e-gallery-item elementor-gallery-item elementor-animated-content\" href=\"https:\/\/www.tarbut.edu.ar\/cms\/wp-content\/uploads\/2022\/07\/MG_6228.jpg\" data-elementor-open-lightbox=\"yes\" data-elementor-lightbox-slideshow=\"4018ab17\" data-elementor-lightbox-title=\"Clases\" data-e-action-hash=\"#elementor-action%3Aaction%3Dlightbox%26settings%3DeyJpZCI6MjY2NiwidXJsIjoiaHR0cHM6XC9cL3d3dy50YXJidXQuZWR1LmFyXC9jbXNcL3dwLWNvbnRlbnRcL3VwbG9hZHNcLzIwMjJcLzA3XC9NR182MjI4LmpwZyIsInNsaWRlc2hvdyI6IjQwMThhYjE3In0%3D\">\n\t\t\t\t\t<div class=\"e-gallery-image elementor-gallery-item__image\" data-thumbnail=\"https:\/\/www.tarbut.edu.ar\/cms\/wp-content\/uploads\/2022\/07\/MG_6228.jpg\" data-width=\"850\" data-height=\"567\" aria-label=\"\" role=\"img\" ><\/div>\n\t\t\t\t\t\t\t\t\t\t\t<div class=\"elementor-gallery-item__overlay\"><\/div>\n\t\t\t\t\t\t\t\t\t\t\t\t\t\t<\/a>\n\t\t\t\t\t\t\t<a class=\"e-gallery-item elementor-gallery-item elementor-animated-content\" href=\"https:\/\/www.tarbut.edu.ar\/cms\/wp-content\/uploads\/2022\/07\/IMG_1244.jpg\" data-elementor-open-lightbox=\"yes\" data-elementor-lightbox-slideshow=\"4018ab17\" data-elementor-lightbox-title=\"Purim\" data-e-action-hash=\"#elementor-action%3Aaction%3Dlightbox%26settings%3DeyJpZCI6MjY3OCwidXJsIjoiaHR0cHM6XC9cL3d3dy50YXJidXQuZWR1LmFyXC9jbXNcL3dwLWNvbnRlbnRcL3VwbG9hZHNcLzIwMjJcLzA3XC9JTUdfMTI0NC5qcGciLCJzbGlkZXNob3ciOiI0MDE4YWIxNyJ9\">\n\t\t\t\t\t<div class=\"e-gallery-image elementor-gallery-item__image\" data-thumbnail=\"https:\/\/www.tarbut.edu.ar\/cms\/wp-content\/uploads\/2022\/07\/IMG_1244.jpg\" data-width=\"850\" data-height=\"638\" aria-label=\"\" role=\"img\" ><\/div>\n\t\t\t\t\t\t\t\t\t\t\t<div class=\"elementor-gallery-item__overlay\"><\/div>\n\t\t\t\t\t\t\t\t\t\t\t\t\t\t<\/a>\n\t\t\t\t\t\t\t<a class=\"e-gallery-item elementor-gallery-item elementor-animated-content\" href=\"https:\/\/www.tarbut.edu.ar\/cms\/wp-content\/uploads\/2025\/11\/20241128_085538-scaled.jpg\" data-elementor-open-lightbox=\"yes\" data-elementor-lightbox-slideshow=\"4018ab17\" data-elementor-lightbox-title=\"Shorashim\" data-e-action-hash=\"#elementor-action%3Aaction%3Dlightbox%26settings%3DeyJpZCI6NzU5NywidXJsIjoiaHR0cHM6XC9cL3d3dy50YXJidXQuZWR1LmFyXC9jbXNcL3dwLWNvbnRlbnRcL3VwbG9hZHNcLzIwMjVcLzExXC8yMDI0MTEyOF8wODU1Mzgtc2NhbGVkLmpwZyIsInNsaWRlc2hvdyI6IjQwMThhYjE3In0%3D\">\n\t\t\t\t\t<div class=\"e-gallery-image elementor-gallery-item__image\" data-thumbnail=\"https:\/\/www.tarbut.edu.ar\/cms\/wp-content\/uploads\/2025\/11\/20241128_085538-scaled.jpg\" data-width=\"1441\" data-height=\"2560\" aria-label=\"\" role=\"img\" ><\/div>\n\t\t\t\t\t\t\t\t\t\t\t<div class=\"elementor-gallery-item__overlay\"><\/div>\n\t\t\t\t\t\t\t\t\t\t\t\t\t\t<\/a>\n\t\t\t\t\t\t\t<a class=\"e-gallery-item elementor-gallery-item elementor-animated-content\" href=\"https:\/\/www.tarbut.edu.ar\/cms\/wp-content\/uploads\/2025\/11\/20250221_114728-scaled.jpg\" data-elementor-open-lightbox=\"yes\" data-elementor-lightbox-slideshow=\"4018ab17\" data-elementor-lightbox-title=\"Shabat\" data-e-action-hash=\"#elementor-action%3Aaction%3Dlightbox%26settings%3DeyJpZCI6NzU5OCwidXJsIjoiaHR0cHM6XC9cL3d3dy50YXJidXQuZWR1LmFyXC9jbXNcL3dwLWNvbnRlbnRcL3VwbG9hZHNcLzIwMjVcLzExXC8yMDI1MDIyMV8xMTQ3Mjgtc2NhbGVkLmpwZyIsInNsaWRlc2hvdyI6IjQwMThhYjE3In0%3D\">\n\t\t\t\t\t<div class=\"e-gallery-image elementor-gallery-item__image\" data-thumbnail=\"https:\/\/www.tarbut.edu.ar\/cms\/wp-content\/uploads\/2025\/11\/20250221_114728-scaled.jpg\" data-width=\"1920\" data-height=\"2560\" aria-label=\"\" role=\"img\" ><\/div>\n\t\t\t\t\t\t\t\t\t\t\t<div class=\"elementor-gallery-item__overlay\"><\/div>\n\t\t\t\t\t\t\t\t\t\t\t\t\t\t<\/a>\n\t\t\t\t\t\t\t<a class=\"e-gallery-item elementor-gallery-item elementor-animated-content\" href=\"https:\/\/www.tarbut.edu.ar\/cms\/wp-content\/uploads\/2025\/11\/IMG_8586-scaled.jpg\" data-elementor-open-lightbox=\"yes\" data-elementor-lightbox-slideshow=\"4018ab17\" data-elementor-lightbox-title=\"Pesaj\" data-e-action-hash=\"#elementor-action%3Aaction%3Dlightbox%26settings%3DeyJpZCI6NzU5OSwidXJsIjoiaHR0cHM6XC9cL3d3dy50YXJidXQuZWR1LmFyXC9jbXNcL3dwLWNvbnRlbnRcL3VwbG9hZHNcLzIwMjVcLzExXC9JTUdfODU4Ni1zY2FsZWQuanBnIiwic2xpZGVzaG93IjoiNDAxOGFiMTcifQ%3D%3D\">\n\t\t\t\t\t<div class=\"e-gallery-image elementor-gallery-item__image\" data-thumbnail=\"https:\/\/www.tarbut.edu.ar\/cms\/wp-content\/uploads\/2025\/11\/IMG_8586-scaled.jpg\" data-width=\"1920\" data-height=\"2560\" aria-label=\"\" role=\"img\" ><\/div>\n\t\t\t\t\t\t\t\t\t\t\t<div class=\"elementor-gallery-item__overlay\"><\/div>\n\t\t\t\t\t\t\t\t\t\t\t\t\t\t<\/a>\n\t\t\t\t\t<\/div>\n\t\t\t\t\t<\/div>\n\t\t\t\t<\/div>\n\t\t\t\t\t<\/div>\n\t\t<\/div>\n\t\t\t\t\t<\/div>\n\t\t<\/section>\n\t\t\t\t<section class=\"elementor-section elementor-top-section elementor-element elementor-element-58bb7755 elementor-section-content-middle elementor-section-boxed elementor-section-height-default elementor-section-height-default\" data-id=\"58bb7755\" data-element_type=\"section\" data-e-type=\"section\" data-settings=\"{&quot;background_background&quot;:&quot;classic&quot;}\">\n\t\t\t\t\t\t<div class=\"elementor-container elementor-column-gap-no\">\n\t\t\t\t\t<div class=\"elementor-column elementor-col-50 elementor-top-column elementor-element elementor-element-1e2a81b4 elementor-invisible\" data-id=\"1e2a81b4\" data-element_type=\"column\" data-e-type=\"column\" data-settings=\"{&quot;animation&quot;:&quot;fadeInLeft&quot;}\">\n\t\t\t<div class=\"elementor-widget-wrap elementor-element-populated\">\n\t\t\t\t\t\t<div class=\"elementor-element elementor-element-774ead70 elementor-widget elementor-widget-heading\" data-id=\"774ead70\" data-element_type=\"widget\" data-e-type=\"widget\" data-widget_type=\"heading.default\">\n\t\t\t\t<div class=\"elementor-widget-container\">\n\t\t\t\t\t<h4 class=\"elementor-heading-title elementor-size-default\">Identidad Jud\u00eda<\/h4>\t\t\t\t<\/div>\n\t\t\t\t<\/div>\n\t\t\t\t<div class=\"elementor-element elementor-element-d7b7de3 elementor-widget elementor-widget-text-editor\" data-id=\"d7b7de3\" data-element_type=\"widget\" data-e-type=\"widget\" data-widget_type=\"text-editor.default\">\n\t\t\t\t<div class=\"elementor-widget-container\">\n\t\t\t\t\t\t\t\t\t<p><span style=\"font-weight: 400;\">Los momentos que nuestros\/as alumnos\/as viven en su paso por Tarbut, hacen de nuestra propuesta educativa un s\u00f3lido proyecto de construcci\u00f3n y enriquecimiento de la identidad jud\u00eda de nuestros alumnos y sus familias. <\/span><\/p><p><span style=\"font-weight: 400;\">Algunos de los espacios m\u00e1s significativos son la celebraci\u00f3n del Shabat y las festividades con padres y abuelos en el Nivel Inicial, la entrega del Tanaj en tercer a\u00f1o del Primario, el viaje a las Colonias Jud\u00edas de Entre R\u00edos en la Escuela Intermedia y la culminaci\u00f3n con el viaje a Polonia e Israel en el marco de Marcha por la Vida en el Secundario<\/span><\/p>\t\t\t\t\t\t\t\t<\/div>\n\t\t\t\t<\/div>\n\t\t\t\t\t<\/div>\n\t\t<\/div>\n\t\t\t\t<div class=\"elementor-column elementor-col-50 elementor-top-column elementor-element elementor-element-027ba45 elementor-invisible\" data-id=\"027ba45\" data-element_type=\"column\" data-e-type=\"column\" data-settings=\"{&quot;animation&quot;:&quot;fadeInLeft&quot;}\">\n\t\t\t<div class=\"elementor-widget-wrap elementor-element-populated\">\n\t\t\t\t\t\t<div class=\"elementor-element elementor-element-32c1572 elementor-widget elementor-widget-heading\" data-id=\"32c1572\" data-element_type=\"widget\" data-e-type=\"widget\" data-widget_type=\"heading.default\">\n\t\t\t\t<div class=\"elementor-widget-container\">\n\t\t\t\t\t<h4 class=\"elementor-heading-title elementor-size-default\">La cultura<\/h4>\t\t\t\t<\/div>\n\t\t\t\t<\/div>\n\t\t\t\t<div class=\"elementor-element elementor-element-4cacedf elementor-widget elementor-widget-text-editor\" data-id=\"4cacedf\" data-element_type=\"widget\" data-e-type=\"widget\" data-widget_type=\"text-editor.default\">\n\t\t\t\t<div class=\"elementor-widget-container\">\n\t\t\t\t\t\t\t\t\t<p><span style=\"font-weight: 400;\">La ense\u00f1anza de la lengua hebrea es un elemento constitutivo de la cultura jud\u00eda, as\u00ed como tambi\u00e9n el estudio de diversos aspectos de la historia, de la Tor\u00e1, sus interpretaciones. La vivencia de las festividades y conmemoraciones del calendario hebreo son estudiadas y celebradas en el marco escolar. Estos aprendizajes se complementan con experiencias art\u00edsticas como danzas folkl\u00f3ricas jud\u00edas (<\/span><b><i>Rikudim<\/i><\/b><span style=\"font-weight: 400;\">), m\u00fasica (<\/span><b><i>Shir\u00e1<\/i><\/b><span style=\"font-weight: 400;\">) y pl\u00e1stica (<\/span><b><i>Omanut<\/i><\/b><span style=\"font-weight: 400;\">).<\/span><\/p><p><span style=\"font-weight: 400;\">Los proyectos de <b><i>Tzedak\u00e1<\/i><\/b>\u00a0y\u00a0<b><i>Tik\u00fan Olam<\/i><\/b>\u00a0hacen que toda la comunidad educativa se comprometa desde una perspectiva jud\u00eda con el desaf\u00edo de construir una sociedad m\u00e1s justa y un mundo m\u00e1s sano.<\/span><\/p><p>\u00a0<\/p>\t\t\t\t\t\t\t\t<\/div>\n\t\t\t\t<\/div>\n\t\t\t\t\t<\/div>\n\t\t<\/div>\n\t\t\t\t\t<\/div>\n\t\t<\/section>\n\t\t\t\t<section class=\"elementor-section elementor-top-section elementor-element elementor-element-3cb955c elementor-section-boxed elementor-section-height-default elementor-section-height-default\" data-id=\"3cb955c\" data-element_type=\"section\" data-e-type=\"section\">\n\t\t\t\t\t\t<div class=\"elementor-container elementor-column-gap-default\">\n\t\t\t\t\t<div class=\"elementor-column elementor-col-100 elementor-top-column elementor-element elementor-element-d157c7d\" data-id=\"d157c7d\" data-element_type=\"column\" data-e-type=\"column\">\n\t\t\t<div class=\"elementor-widget-wrap elementor-element-populated\">\n\t\t\t\t\t\t<div class=\"elementor-element elementor-element-479d3f5 elementor-fixed elementor-view-default elementor-widget elementor-widget-global elementor-global-2726 elementor-widget-icon\" data-id=\"479d3f5\" data-element_type=\"widget\" data-e-type=\"widget\" data-settings=\"{&quot;_position&quot;:&quot;fixed&quot;}\" data-widget_type=\"icon.default\">\n\t\t\t\t<div class=\"elementor-widget-container\">\n\t\t\t\t\t\t\t<div class=\"elementor-icon-wrapper\">\n\t\t\t<a class=\"elementor-icon\" href=\"https:\/\/api.whatsapp.com\/send?phone=5491133959415&#038;text=%C2%A1Hola!%20Quiero%20agendar%20una%20entrevista\" target=\"_blank\">\n\t\t\t<i aria-hidden=\"true\" class=\"fab fa-whatsapp-square\"><\/i>\t\t\t<\/a>\n\t\t<\/div>\n\t\t\t\t\t\t<\/div>\n\t\t\t\t<\/div>\n\t\t\t\t\t<\/div>\n\t\t<\/div>\n\t\t\t\t\t<\/div>\n\t\t<\/section>\n\t\t\t\t<\/div>\n\t\t","protected":false},"excerpt":{"rendered":"<p>Juda\u00edsmo vivencial La educaci\u00f3n jud\u00eda en el Colegio Tarbut es uno de los pilares que atraviesa nuestra propuesta educativa. Tiene como horizonte la formaci\u00f3n de jud\u00edos con un s\u00f3lido sentimiento de pertenencia hacia el pueblo. As\u00ed, los estudiantes se forman en su historia y su legado cultural de forma amplia y plural, comprometidos con los [&hellip;]<\/p>\n","protected":false},"author":3,"featured_media":0,"parent":0,"menu_order":0,"comment_status":"closed","ping_status":"closed","template":"","meta":{"footnotes":""},"class_list":["post-1631","page","type-page","status-publish","hentry"],"_links":{"self":[{"href":"https:\/\/www.tarbut.edu.ar\/cms\/wp-json\/wp\/v2\/pages\/1631","targetHints":{"allow":["GET"]}}],"collection":[{"href":"https:\/\/www.tarbut.edu.ar\/cms\/wp-json\/wp\/v2\/pages"}],"about":[{"href":"https:\/\/www.tarbut.edu.ar\/cms\/wp-json\/wp\/v2\/types\/page"}],"author":[{"embeddable":true,"href":"https:\/\/www.tarbut.edu.ar\/cms\/wp-json\/wp\/v2\/users\/3"}],"replies":[{"embeddable":true,"href":"https:\/\/www.tarbut.edu.ar\/cms\/wp-json\/wp\/v2\/comments?post=1631"}],"version-history":[{"count":37,"href":"https:\/\/www.tarbut.edu.ar\/cms\/wp-json\/wp\/v2\/pages\/1631\/revisions"}],"predecessor-version":[{"id":7603,"href":"https:\/\/www.tarbut.edu.ar\/cms\/wp-json\/wp\/v2\/pages\/1631\/revisions\/7603"}],"wp:attachment":[{"href":"https:\/\/www.tarbut.edu.ar\/cms\/wp-json\/wp\/v2\/media?parent=1631"}],"curies":[{"name":"wp","href":"https:\/\/api.w.org\/{rel}","templated":true}]}}